{"id":154,"date":"2022-09-11T20:56:37","date_gmt":"2022-09-11T20:56:37","guid":{"rendered":"https:\/\/avvocato.vamtam.com\/?page_id=154"},"modified":"2024-08-28T19:09:06","modified_gmt":"2024-08-28T19:09:06","slug":"publicacoes","status":"publish","type":"page","link":"https:\/\/draadvogados.com\/en\/publicacoes\/","title":{"rendered":"Publications"},"content":{"rendered":"<div data-elementor-type=\"wp-page\" data-elementor-id=\"154\" class=\"elementor elementor-154\" data-elementor-post-type=\"page\">\n\t\t\t\t\t\t<section class=\"elementor-section elementor-top-section elementor-element elementor-element-58eaa2f elementor-section-boxed elementor-section-height-default elementor-section-height-default\" data-id=\"58eaa2f\" data-element_type=\"section\">\n\t\t\t\t\t\t<div class=\"elementor-container elementor-column-gap-no\">\n\t\t\t\t\t<div class=\"elementor-column elementor-col-100 elementor-top-column elementor-element elementor-element-b171187\" data-id=\"b171187\" data-element_type=\"column\">\n\t\t\t<div class=\"elementor-widget-wrap elementor-element-populated\">\n\t\t\t\t\t\t<div class=\"elementor-element elementor-element-faab9e5 elementor-widget elementor-widget-heading\" data-id=\"faab9e5\" data-element_type=\"widget\" data-widget_type=\"heading.default\">\n\t\t\t\t<div class=\"elementor-widget-container\">\n\t\t\t\t\t<h1 class=\"elementor-heading-title elementor-size-default\">Publications<\/h1>\t\t\t\t<\/div>\n\t\t\t\t<\/div>\n\t\t\t\t<div class=\"vamtam-has-theme-widget-styles elementor-element elementor-element-33de6eb elementor-grid-4 elementor-posts--align-left elementor-grid-tablet-3 elementor-grid-mobile-1 elementor-posts--thumbnail-top vamtam-has-title-underline-anim load-more-align-center elementor-widget elementor-widget-posts\" data-id=\"33de6eb\" data-element_type=\"widget\" data-settings=\"{&quot;vamtam_classic_columns&quot;:&quot;4&quot;,&quot;vamtam_classic_columns_tablet&quot;:&quot;3&quot;,&quot;vamtam_classic_row_gap&quot;:{&quot;unit&quot;:&quot;px&quot;,&quot;size&quot;:30,&quot;sizes&quot;:[]},&quot;pagination_type&quot;:&quot;load_more_on_click&quot;,&quot;vamtam_classic_columns_mobile&quot;:&quot;1&quot;,&quot;vamtam_classic_row_gap_tablet&quot;:{&quot;unit&quot;:&quot;px&quot;,&quot;size&quot;:&quot;&quot;,&quot;sizes&quot;:[]},&quot;vamtam_classic_row_gap_mobile&quot;:{&quot;unit&quot;:&quot;px&quot;,&quot;size&quot;:&quot;&quot;,&quot;sizes&quot;:[]},&quot;load_more_spinner&quot;:{&quot;value&quot;:&quot;fas fa-spinner&quot;,&quot;library&quot;:&quot;fa-solid&quot;}}\" data-widget_type=\"posts.vamtam_classic\">\n\t\t\t\t<div class=\"elementor-widget-container\">\n\t\t\t\t\t\t\t<div class=\"elementor-posts-container elementor-posts elementor-posts--skin-vamtam_classic elementor-grid\">\n\t\t\t\t<article class=\"elementor-post elementor-grid-item post-989456 post type-post status-publish format-standard has-post-thumbnail hentry category-artigos\">\n\t\t\t\t<a class=\"elementor-post__thumbnail__link\" href=\"https:\/\/draadvogados.com\/en\/fraude-com-utilizacao-de-ativos-virtuais-valores-mobiliarios-ou-ativosfinanceiros\/\" tabindex=\"-1\" >\n\t\t\t<div class=\"elementor-post__thumbnail\"><img fetchpriority=\"high\" decoding=\"async\" width=\"602\" height=\"400\" src=\"https:\/\/draadvogados.com\/wp-content\/uploads\/2025\/04\/hacker-crime-golpe-virtual-estel-602x400-1.jpeg\" class=\"attachment-full size-full wp-image-989458\" alt=\"\" srcset=\"https:\/\/draadvogados.com\/wp-content\/uploads\/2025\/04\/hacker-crime-golpe-virtual-estel-602x400-1.jpeg 602w, https:\/\/draadvogados.com\/wp-content\/uploads\/2025\/04\/hacker-crime-golpe-virtual-estel-602x400-1-300x199.jpeg 300w, https:\/\/draadvogados.com\/wp-content\/uploads\/2025\/04\/hacker-crime-golpe-virtual-estel-602x400-1-18x12.jpeg 18w\" sizes=\"(max-width: 602px) 100vw, 602px\" \/><\/div>\n\t\t<\/a>\n\t\t\t\t\t<div class=\"elementor-post__meta-data\">\n\t\t\t\t\t\t\t<div class=\"vamtam-post__categories\">\n\t\t\t\t<a href=\"https:\/\/draadvogados.com\/en\/categoria\/artigos\/\" rel=\"category tag\">Articles<\/a>\t\t\t<\/div>\n\t\t\t\t\t\t<\/div>\n\t\t\t\t\t<div class=\"elementor-post__text\">\n\t\t\t\t<h3 class=\"elementor-post__title\">\n\t\t\t<a href=\"https:\/\/draadvogados.com\/en\/fraude-com-utilizacao-de-ativos-virtuais-valores-mobiliarios-ou-ativosfinanceiros\/\" >\n\t\t\t\tFraude com utiliza\u00e7\u00e3o de ativos virtuais, valores mobili\u00e1rios ou ativos financeiros\t\t\t<\/a>\n\t\t<\/h3>\n\t\t\t\t\t<div class=\"elementor-post__read-more-wrapper\">\n\t\t\n\t\t<a class=\"elementor-post__read-more\" href=\"https:\/\/draadvogados.com\/en\/fraude-com-utilizacao-de-ativos-virtuais-valores-mobiliarios-ou-ativosfinanceiros\/\" aria-label=\"Read more about Fraude com utiliza\u00e7\u00e3o de ativos virtuais, valores mobili\u00e1rios ou ativos financeiros\" tabindex=\"-1\" >\n\t\t\tRead more\t\t<\/a>\n\n\t\t\t\t\t<\/div>\n\t\t\t\t<\/div>\n\t\t\t\t<\/article>\n\t\t\t\t<article class=\"elementor-post elementor-grid-item post-989450 post type-post status-publish format-standard has-post-thumbnail hentry category-artigos\">\n\t\t\t\t<a class=\"elementor-post__thumbnail__link\" href=\"https:\/\/draadvogados.com\/en\/estelionato-por-meio-de-fraude-eletronica-um-nao-remedio-para-um-atual-fato-antigo\/\" tabindex=\"-1\" >\n\t\t\t<div class=\"elementor-post__thumbnail\"><img decoding=\"async\" width=\"600\" height=\"400\" src=\"https:\/\/draadvogados.com\/wp-content\/uploads\/2025\/04\/aaa.jpeg\" class=\"attachment-full size-full wp-image-989451\" alt=\"\" srcset=\"https:\/\/draadvogados.com\/wp-content\/uploads\/2025\/04\/aaa.jpeg 600w, https:\/\/draadvogados.com\/wp-content\/uploads\/2025\/04\/aaa-300x200.jpeg 300w, https:\/\/draadvogados.com\/wp-content\/uploads\/2025\/04\/aaa-18x12.jpeg 18w\" sizes=\"(max-width: 600px) 100vw, 600px\" \/><\/div>\n\t\t<\/a>\n\t\t\t\t\t<div class=\"elementor-post__meta-data\">\n\t\t\t\t\t\t\t<div class=\"vamtam-post__categories\">\n\t\t\t\t<a href=\"https:\/\/draadvogados.com\/en\/categoria\/artigos\/\" rel=\"category tag\">Articles<\/a>\t\t\t<\/div>\n\t\t\t\t\t\t<\/div>\n\t\t\t\t\t<div class=\"elementor-post__text\">\n\t\t\t\t<h3 class=\"elementor-post__title\">\n\t\t\t<a href=\"https:\/\/draadvogados.com\/en\/estelionato-por-meio-de-fraude-eletronica-um-nao-remedio-para-um-atual-fato-antigo\/\" >\n\t\t\t\tEstelionato por meio de fraude eletr\u00f4nica: um n\u00e3o rem\u00e9dio para um atual fato antigo\t\t\t<\/a>\n\t\t<\/h3>\n\t\t\t\t\t<div class=\"elementor-post__read-more-wrapper\">\n\t\t\n\t\t<a class=\"elementor-post__read-more\" href=\"https:\/\/draadvogados.com\/en\/estelionato-por-meio-de-fraude-eletronica-um-nao-remedio-para-um-atual-fato-antigo\/\" aria-label=\"Read more about Estelionato por meio de fraude eletr\u00f4nica: um n\u00e3o rem\u00e9dio para um atual fato antigo\" tabindex=\"-1\" >\n\t\t\tRead more\t\t<\/a>\n\n\t\t\t\t\t<\/div>\n\t\t\t\t<\/div>\n\t\t\t\t<\/article>\n\t\t\t\t<article class=\"elementor-post elementor-grid-item post-989411 post type-post status-publish format-standard has-post-thumbnail hentry category-artigos\">\n\t\t\t\t<a class=\"elementor-post__thumbnail__link\" href=\"https:\/\/draadvogados.com\/en\/violencia-contra-mulher-e-o-futebol-um-problema-cultural-e-social\/\" tabindex=\"-1\" >\n\t\t\t<div class=\"elementor-post__thumbnail\"><img decoding=\"async\" width=\"350\" height=\"199\" src=\"https:\/\/draadvogados.com\/wp-content\/uploads\/2024\/08\/MSOGGMB6IZHEBH367B2YQKS6TQ.png\" class=\"attachment-full size-full wp-image-989434\" alt=\"\" srcset=\"https:\/\/draadvogados.com\/wp-content\/uploads\/2024\/08\/MSOGGMB6IZHEBH367B2YQKS6TQ.png 350w, https:\/\/draadvogados.com\/wp-content\/uploads\/2024\/08\/MSOGGMB6IZHEBH367B2YQKS6TQ-300x171.png 300w, https:\/\/draadvogados.com\/wp-content\/uploads\/2024\/08\/MSOGGMB6IZHEBH367B2YQKS6TQ-18x10.png 18w\" sizes=\"(max-width: 350px) 100vw, 350px\" \/><\/div>\n\t\t<\/a>\n\t\t\t\t\t<div class=\"elementor-post__meta-data\">\n\t\t\t\t\t\t\t<div class=\"vamtam-post__categories\">\n\t\t\t\t<a href=\"https:\/\/draadvogados.com\/en\/categoria\/artigos\/\" rel=\"category tag\">Articles<\/a>\t\t\t<\/div>\n\t\t\t\t\t\t<\/div>\n\t\t\t\t\t<div class=\"elementor-post__text\">\n\t\t\t\t<h3 class=\"elementor-post__title\">\n\t\t\t<a href=\"https:\/\/draadvogados.com\/en\/violencia-contra-mulher-e-o-futebol-um-problema-cultural-e-social\/\" >\n\t\t\t\tViol\u00eancia contra mulher e o futebol: um problema cultural e social\t\t\t<\/a>\n\t\t<\/h3>\n\t\t\t\t\t<div class=\"elementor-post__read-more-wrapper\">\n\t\t\n\t\t<a class=\"elementor-post__read-more\" href=\"https:\/\/draadvogados.com\/en\/violencia-contra-mulher-e-o-futebol-um-problema-cultural-e-social\/\" aria-label=\"Read more about Viol\u00eancia contra mulher e o futebol: um problema cultural e social\" tabindex=\"-1\" >\n\t\t\tRead more\t\t<\/a>\n\n\t\t\t\t\t<\/div>\n\t\t\t\t<\/div>\n\t\t\t\t<\/article>\n\t\t\t\t<article class=\"elementor-post elementor-grid-item post-989351 post type-post status-publish format-standard has-post-thumbnail hentry category-artigos\">\n\t\t\t\t<a class=\"elementor-post__thumbnail__link\" href=\"https:\/\/draadvogados.com\/en\/bem-juridico-autonomia-e-drogas-um-ensaio-para-uma-interpretacao-teleologica-dos-tipos-penais-de-toxicos-revista-eletronica-de-direito-penal-e-politica-criminal\/\" tabindex=\"-1\" >\n\t\t\t<div class=\"elementor-post__thumbnail\"><img loading=\"lazy\" decoding=\"async\" width=\"547\" height=\"780\" src=\"https:\/\/draadvogados.com\/wp-content\/uploads\/2024\/05\/Item-18.png\" class=\"attachment-full size-full wp-image-989308\" alt=\"\" srcset=\"https:\/\/draadvogados.com\/wp-content\/uploads\/2024\/05\/Item-18.png 547w, https:\/\/draadvogados.com\/wp-content\/uploads\/2024\/05\/Item-18-210x300.png 210w\" sizes=\"(max-width: 547px) 100vw, 547px\" \/><\/div>\n\t\t<\/a>\n\t\t\t\t\t<div class=\"elementor-post__meta-data\">\n\t\t\t\t\t\t\t<div class=\"vamtam-post__categories\">\n\t\t\t\t<a href=\"https:\/\/draadvogados.com\/en\/categoria\/artigos\/\" rel=\"category tag\">Articles<\/a>\t\t\t<\/div>\n\t\t\t\t\t\t<\/div>\n\t\t\t\t\t<div class=\"elementor-post__text\">\n\t\t\t\t<h3 class=\"elementor-post__title\">\n\t\t\t<a href=\"https:\/\/draadvogados.com\/en\/bem-juridico-autonomia-e-drogas-um-ensaio-para-uma-interpretacao-teleologica-dos-tipos-penais-de-toxicos-revista-eletronica-de-direito-penal-e-politica-criminal\/\" >\n\t\t\t\tBem jur\u00eddico, autonomia e drogas: um ensaio para uma interpreta\u00e7\u00e3o teleol\u00f3gica dos tipos penais de t\u00f3xicos. Revista Eletr\u00f4nica de Direito Penal e Pol\u00edtica Criminal,\t\t\t<\/a>\n\t\t<\/h3>\n\t\t\t\t\t<div class=\"elementor-post__read-more-wrapper\">\n\t\t\n\t\t<a class=\"elementor-post__read-more\" href=\"https:\/\/draadvogados.com\/en\/bem-juridico-autonomia-e-drogas-um-ensaio-para-uma-interpretacao-teleologica-dos-tipos-penais-de-toxicos-revista-eletronica-de-direito-penal-e-politica-criminal\/\" aria-label=\"Read more about Bem jur\u00eddico, autonomia e drogas: um ensaio para uma interpreta\u00e7\u00e3o teleol\u00f3gica dos tipos penais de t\u00f3xicos. Revista Eletr\u00f4nica de Direito Penal e Pol\u00edtica Criminal,\" tabindex=\"-1\" >\n\t\t\tRead more\t\t<\/a>\n\n\t\t\t\t\t<\/div>\n\t\t\t\t<\/div>\n\t\t\t\t<\/article>\n\t\t\t\t<article class=\"elementor-post elementor-grid-item post-989348 post type-post status-publish format-standard has-post-thumbnail hentry category-artigos\">\n\t\t\t\t<a class=\"elementor-post__thumbnail__link\" href=\"https:\/\/draadvogados.com\/en\/constituicao-e-prisao-perpetua-anotacoes-sobre-o-artigo-77-do-estatuto-de-roma-boletim-do-ibccrim\/\" tabindex=\"-1\" >\n\t\t\t<div class=\"elementor-post__thumbnail\"><img loading=\"lazy\" decoding=\"async\" width=\"974\" height=\"1280\" src=\"https:\/\/draadvogados.com\/wp-content\/uploads\/2024\/05\/Item-17.jpeg\" class=\"attachment-full size-full wp-image-989307\" alt=\"\" srcset=\"https:\/\/draadvogados.com\/wp-content\/uploads\/2024\/05\/Item-17.jpeg 974w, https:\/\/draadvogados.com\/wp-content\/uploads\/2024\/05\/Item-17-228x300.jpeg 228w, https:\/\/draadvogados.com\/wp-content\/uploads\/2024\/05\/Item-17-779x1024.jpeg 779w, https:\/\/draadvogados.com\/wp-content\/uploads\/2024\/05\/Item-17-768x1009.jpeg 768w\" sizes=\"(max-width: 974px) 100vw, 974px\" \/><\/div>\n\t\t<\/a>\n\t\t\t\t\t<div class=\"elementor-post__meta-data\">\n\t\t\t\t\t\t\t<div class=\"vamtam-post__categories\">\n\t\t\t\t<a href=\"https:\/\/draadvogados.com\/en\/categoria\/artigos\/\" rel=\"category tag\">Articles<\/a>\t\t\t<\/div>\n\t\t\t\t\t\t<\/div>\n\t\t\t\t\t<div class=\"elementor-post__text\">\n\t\t\t\t<h3 class=\"elementor-post__title\">\n\t\t\t<a href=\"https:\/\/draadvogados.com\/en\/constituicao-e-prisao-perpetua-anotacoes-sobre-o-artigo-77-do-estatuto-de-roma-boletim-do-ibccrim\/\" >\n\t\t\t\tConstitui\u00e7\u00e3o e pris\u00e3o perp\u00e9tua: anota\u00e7\u00f5es sobre o artigo 77 do Estatuto de Roma. Boletim do IBCCRIM\t\t\t<\/a>\n\t\t<\/h3>\n\t\t\t\t\t<div class=\"elementor-post__read-more-wrapper\">\n\t\t\n\t\t<a class=\"elementor-post__read-more\" href=\"https:\/\/draadvogados.com\/en\/constituicao-e-prisao-perpetua-anotacoes-sobre-o-artigo-77-do-estatuto-de-roma-boletim-do-ibccrim\/\" aria-label=\"Read more about Constitui\u00e7\u00e3o e pris\u00e3o perp\u00e9tua: anota\u00e7\u00f5es sobre o artigo 77 do Estatuto de Roma. Boletim do IBCCRIM\" tabindex=\"-1\" >\n\t\t\tRead more\t\t<\/a>\n\n\t\t\t\t\t<\/div>\n\t\t\t\t<\/div>\n\t\t\t\t<\/article>\n\t\t\t\t<article class=\"elementor-post elementor-grid-item post-989345 post type-post status-publish format-standard has-post-thumbnail hentry category-artigos\">\n\t\t\t\t<a class=\"elementor-post__thumbnail__link\" href=\"https:\/\/draadvogados.com\/en\/existe-um-direito-de-legitima-defesa-jota-sao-paulo-11-nov-2019\/\" tabindex=\"-1\" >\n\t\t\t<div class=\"elementor-post__thumbnail\"><img loading=\"lazy\" decoding=\"async\" width=\"1024\" height=\"689\" src=\"https:\/\/draadvogados.com\/wp-content\/uploads\/2024\/05\/3129a3224a751814d0c076017479a591-1024x689-1.jpg\" class=\"attachment-full size-full wp-image-989346\" alt=\"\" srcset=\"https:\/\/draadvogados.com\/wp-content\/uploads\/2024\/05\/3129a3224a751814d0c076017479a591-1024x689-1.jpg 1024w, https:\/\/draadvogados.com\/wp-content\/uploads\/2024\/05\/3129a3224a751814d0c076017479a591-1024x689-1-300x202.jpg 300w, https:\/\/draadvogados.com\/wp-content\/uploads\/2024\/05\/3129a3224a751814d0c076017479a591-1024x689-1-768x517.jpg 768w\" sizes=\"(max-width: 1024px) 100vw, 1024px\" \/><\/div>\n\t\t<\/a>\n\t\t\t\t\t<div class=\"elementor-post__meta-data\">\n\t\t\t\t\t\t\t<div class=\"vamtam-post__categories\">\n\t\t\t\t<a href=\"https:\/\/draadvogados.com\/en\/categoria\/artigos\/\" rel=\"category tag\">Articles<\/a>\t\t\t<\/div>\n\t\t\t\t\t\t<\/div>\n\t\t\t\t\t<div class=\"elementor-post__text\">\n\t\t\t\t<h3 class=\"elementor-post__title\">\n\t\t\t<a href=\"https:\/\/draadvogados.com\/en\/existe-um-direito-de-legitima-defesa-jota-sao-paulo-11-nov-2019\/\" >\n\t\t\t\tExiste um direito de leg\u00edtima defesa? JOTA, S\u00e3o Paulo, 11 nov. 2019\t\t\t<\/a>\n\t\t<\/h3>\n\t\t\t\t\t<div class=\"elementor-post__read-more-wrapper\">\n\t\t\n\t\t<a class=\"elementor-post__read-more\" href=\"https:\/\/draadvogados.com\/en\/existe-um-direito-de-legitima-defesa-jota-sao-paulo-11-nov-2019\/\" aria-label=\"Read more about Existe um direito de leg\u00edtima defesa? JOTA, S\u00e3o Paulo, 11 nov. 2019\" tabindex=\"-1\" >\n\t\t\tRead more\t\t<\/a>\n\n\t\t\t\t\t<\/div>\n\t\t\t\t<\/div>\n\t\t\t\t<\/article>\n\t\t\t\t<article class=\"elementor-post elementor-grid-item post-989342 post type-post status-publish format-standard has-post-thumbnail hentry category-artigos\">\n\t\t\t\t<a class=\"elementor-post__thumbnail__link\" href=\"https:\/\/draadvogados.com\/en\/controle-do-risco-imputacao-objetiva-e-legalidade-penal-um-ensaio-sobre-os-requisitos-de-legitimidade-das-tecnicas-de-reenvio-no-direito-penal-revista-do-instituto-de-ciencias-penais\/\" tabindex=\"-1\" >\n\t\t\t<div class=\"elementor-post__thumbnail\"><img loading=\"lazy\" decoding=\"async\" width=\"547\" height=\"767\" src=\"https:\/\/draadvogados.com\/wp-content\/uploads\/2024\/05\/Item-15.png\" class=\"attachment-full size-full wp-image-989305\" alt=\"\" srcset=\"https:\/\/draadvogados.com\/wp-content\/uploads\/2024\/05\/Item-15.png 547w, https:\/\/draadvogados.com\/wp-content\/uploads\/2024\/05\/Item-15-214x300.png 214w\" sizes=\"(max-width: 547px) 100vw, 547px\" \/><\/div>\n\t\t<\/a>\n\t\t\t\t\t<div class=\"elementor-post__meta-data\">\n\t\t\t\t\t\t\t<div class=\"vamtam-post__categories\">\n\t\t\t\t<a href=\"https:\/\/draadvogados.com\/en\/categoria\/artigos\/\" rel=\"category tag\">Articles<\/a>\t\t\t<\/div>\n\t\t\t\t\t\t<\/div>\n\t\t\t\t\t<div class=\"elementor-post__text\">\n\t\t\t\t<h3 class=\"elementor-post__title\">\n\t\t\t<a href=\"https:\/\/draadvogados.com\/en\/controle-do-risco-imputacao-objetiva-e-legalidade-penal-um-ensaio-sobre-os-requisitos-de-legitimidade-das-tecnicas-de-reenvio-no-direito-penal-revista-do-instituto-de-ciencias-penais\/\" >\n\t\t\t\tControle do risco, imputa\u00e7\u00e3o objetiva e legalidade penal: Um ensaio sobre os requisitos de legitimidade das t\u00e9cnicas de reenvio no Direito Penal. Revista do Instituto de Ci\u00eancias Penais\t\t\t<\/a>\n\t\t<\/h3>\n\t\t\t\t\t<div class=\"elementor-post__read-more-wrapper\">\n\t\t\n\t\t<a class=\"elementor-post__read-more\" href=\"https:\/\/draadvogados.com\/en\/controle-do-risco-imputacao-objetiva-e-legalidade-penal-um-ensaio-sobre-os-requisitos-de-legitimidade-das-tecnicas-de-reenvio-no-direito-penal-revista-do-instituto-de-ciencias-penais\/\" aria-label=\"Read more about Controle do risco, imputa\u00e7\u00e3o objetiva e legalidade penal: Um ensaio sobre os requisitos de legitimidade das t\u00e9cnicas de reenvio no Direito Penal. Revista do Instituto de Ci\u00eancias Penais\" tabindex=\"-1\" >\n\t\t\tRead more\t\t<\/a>\n\n\t\t\t\t\t<\/div>\n\t\t\t\t<\/div>\n\t\t\t\t<\/article>\n\t\t\t\t<article class=\"elementor-post elementor-grid-item post-989339 post type-post status-publish format-standard has-post-thumbnail hentry category-artigos\">\n\t\t\t\t<a class=\"elementor-post__thumbnail__link\" href=\"https:\/\/draadvogados.com\/en\/reflexoes-acerca-dos-fundamentos-do-direito-penal-a-partir-do-exemplo-do-bode-expiatorio-revista-liberdades\/\" tabindex=\"-1\" >\n\t\t\t<div class=\"elementor-post__thumbnail\"><img loading=\"lazy\" decoding=\"async\" width=\"542\" height=\"755\" src=\"https:\/\/draadvogados.com\/wp-content\/uploads\/2024\/05\/Item-14.png\" class=\"attachment-full size-full wp-image-989304\" alt=\"\" srcset=\"https:\/\/draadvogados.com\/wp-content\/uploads\/2024\/05\/Item-14.png 542w, https:\/\/draadvogados.com\/wp-content\/uploads\/2024\/05\/Item-14-215x300.png 215w\" sizes=\"(max-width: 542px) 100vw, 542px\" \/><\/div>\n\t\t<\/a>\n\t\t\t\t\t<div class=\"elementor-post__meta-data\">\n\t\t\t\t\t\t\t<div class=\"vamtam-post__categories\">\n\t\t\t\t<a href=\"https:\/\/draadvogados.com\/en\/categoria\/artigos\/\" rel=\"category tag\">Articles<\/a>\t\t\t<\/div>\n\t\t\t\t\t\t<\/div>\n\t\t\t\t\t<div class=\"elementor-post__text\">\n\t\t\t\t<h3 class=\"elementor-post__title\">\n\t\t\t<a href=\"https:\/\/draadvogados.com\/en\/reflexoes-acerca-dos-fundamentos-do-direito-penal-a-partir-do-exemplo-do-bode-expiatorio-revista-liberdades\/\" >\n\t\t\t\tReflex\u00f5es acerca dos fundamentos do direito penal a partir do exemplo do bode expiat\u00f3rio. Revista Liberdades\t\t\t<\/a>\n\t\t<\/h3>\n\t\t\t\t\t<div class=\"elementor-post__read-more-wrapper\">\n\t\t\n\t\t<a class=\"elementor-post__read-more\" href=\"https:\/\/draadvogados.com\/en\/reflexoes-acerca-dos-fundamentos-do-direito-penal-a-partir-do-exemplo-do-bode-expiatorio-revista-liberdades\/\" aria-label=\"Read more about Reflex\u00f5es acerca dos fundamentos do direito penal a partir do exemplo do bode expiat\u00f3rio. Revista Liberdades\" tabindex=\"-1\" >\n\t\t\tRead more\t\t<\/a>\n\n\t\t\t\t\t<\/div>\n\t\t\t\t<\/div>\n\t\t\t\t<\/article>\n\t\t\t\t<\/div>\n\t\t\t\t\t<span class=\"e-load-more-spinner\">\n\t\t\t\t<i aria-hidden=\"true\" class=\"fas fa-spinner\"><\/i>\t\t\t<\/span>\n\t\t\n\t\t\t\t<div class=\"e-load-more-anchor\" data-page=\"1\" data-max-page=\"3\" data-next-page=\"https:\/\/draadvogados.com\/en\/wp-json\/wp\/v2\/pages\/154\/page\/2\/\"><\/div>\n\t\t\t\t<div class=\"elementor-button-wrapper\">\n\t\t\t<a href=\"#\" class=\"elementor-button-link elementor-button\" role=\"button\">\n\t\t\t\t\t\t<span class=\"elementor-button-content-wrapper\">\n\t\t\t\t\t\t\t<span class=\"elementor-button-icon\">\n\t\t\t\t<i aria-hidden=\"true\" class=\"vamtamtheme- vamtam-theme-icon-arrow-right-top\"><\/i>\t\t\t<\/span>\n\t\t\t\t\t\t\t\t\t<span class=\"elementor-button-text\">Carregar mais<\/span>\n\t\t\t\t\t<\/span>\n\t\t\t\t\t<\/a>\n\t\t<\/div>\n\t\t\t\t<div class=\"e-load-more-message\"><\/div>\n\t\t\t\t\t\t<\/div>\n\t\t\t\t<\/div>\n\t\t\t\t\t<\/div>\n\t\t<\/div>\n\t\t\t\t\t<\/div>\n\t\t<\/section>\n\t\t\t\t<\/div>","protected":false},"excerpt":{"rendered":"<p>Publications<\/p>","protected":false},"author":1,"featured_media":0,"parent":0,"menu_order":0,"comment_status":"closed","ping_status":"closed","template":"","meta":{"footnotes":""},"class_list":["post-154","page","type-page","status-publish","hentry"],"_links":{"self":[{"href":"https:\/\/draadvogados.com\/en\/wp-json\/wp\/v2\/pages\/154","targetHints":{"allow":["GET"]}}],"collection":[{"href":"https:\/\/draadvogados.com\/en\/wp-json\/wp\/v2\/pages"}],"about":[{"href":"https:\/\/draadvogados.com\/en\/wp-json\/wp\/v2\/types\/page"}],"author":[{"embeddable":true,"href":"https:\/\/draadvogados.com\/en\/wp-json\/wp\/v2\/users\/1"}],"replies":[{"embeddable":true,"href":"https:\/\/draadvogados.com\/en\/wp-json\/wp\/v2\/comments?post=154"}],"version-history":[{"count":46,"href":"https:\/\/draadvogados.com\/en\/wp-json\/wp\/v2\/pages\/154\/revisions"}],"predecessor-version":[{"id":989452,"href":"https:\/\/draadvogados.com\/en\/wp-json\/wp\/v2\/pages\/154\/revisions\/989452"}],"wp:attachment":[{"href":"https:\/\/draadvogados.com\/en\/wp-json\/wp\/v2\/media?parent=154"}],"curies":[{"name":"wp","href":"https:\/\/api.w.org\/{rel}","templated":true}]}}