{"id":586,"date":"2022-09-26T21:44:28","date_gmt":"2022-09-26T21:44:28","guid":{"rendered":"https:\/\/avvocato.vamtam.com\/?page_id=586"},"modified":"2025-04-03T14:51:55","modified_gmt":"2025-04-03T14:51:55","slug":"o-escritorio","status":"publish","type":"page","link":"https:\/\/draadvogados.com\/en\/o-escritorio\/","title":{"rendered":"The Firm"},"content":{"rendered":"<div data-elementor-type=\"wp-page\" data-elementor-id=\"586\" class=\"elementor elementor-586\" data-elementor-post-type=\"page\">\n\t\t\t\t\t\t<section class=\"elementor-section elementor-top-section elementor-element elementor-element-8a8f202 elementor-section-height-min-height elementor-section-boxed elementor-section-height-default elementor-section-items-middle\" data-id=\"8a8f202\" data-element_type=\"section\" data-settings=\"{&quot;background_background&quot;:&quot;classic&quot;}\">\n\t\t\t\t\t\t\t<div class=\"elementor-background-overlay\"><\/div>\n\t\t\t\t\t\t\t<div class=\"elementor-container elementor-column-gap-no\">\n\t\t\t\t\t<div class=\"elementor-column elementor-col-100 elementor-top-column elementor-element elementor-element-56c70a5\" data-id=\"56c70a5\" data-element_type=\"column\">\n\t\t\t<div class=\"elementor-widget-wrap elementor-element-populated\">\n\t\t\t\t\t\t<div class=\"elementor-element elementor-element-cf6bae2 elementor-widget elementor-widget-heading\" data-id=\"cf6bae2\" data-element_type=\"widget\" data-widget_type=\"heading.default\">\n\t\t\t\t<div class=\"elementor-widget-container\">\n\t\t\t\t\t<h1 class=\"elementor-heading-title elementor-size-default\">About us<\/h1>\t\t\t\t<\/div>\n\t\t\t\t<\/div>\n\t\t\t\t\t<\/div>\n\t\t<\/div>\n\t\t\t\t\t<\/div>\n\t\t<\/section>\n\t\t\t\t<section class=\"elementor-section elementor-top-section elementor-element elementor-element-c14fe1c elementor-section-boxed elementor-section-height-default elementor-section-height-default\" data-id=\"c14fe1c\" data-element_type=\"section\" data-settings=\"{&quot;background_background&quot;:&quot;classic&quot;}\">\n\t\t\t\t\t\t<div class=\"elementor-container elementor-column-gap-default\">\n\t\t\t\t\t<div class=\"elementor-column elementor-col-100 elementor-top-column elementor-element elementor-element-19de20b\" data-id=\"19de20b\" data-element_type=\"column\">\n\t\t\t<div class=\"elementor-widget-wrap elementor-element-populated\">\n\t\t\t\t\t\t<div class=\"vamtam-has-theme-widget-styles elementor-element elementor-element-f7752ab elementor-widget elementor-widget-image\" data-id=\"f7752ab\" data-element_type=\"widget\" data-widget_type=\"image.default\">\n\t\t\t\t<div class=\"elementor-widget-container\">\n\t\t\t\t\t\t\t\t\t<div class=\"elementor-image\">\n\t\t\t\t\t\t\t\t\t\t\t\t\t\t\t\t\t\t\t\t\t<img fetchpriority=\"high\" decoding=\"async\" width=\"1024\" height=\"304\" src=\"https:\/\/draadvogados.com\/wp-content\/uploads\/2024\/05\/4-1024x304.jpg\" class=\"attachment-large size-large wp-image-989207\" alt=\"\" srcset=\"https:\/\/draadvogados.com\/wp-content\/uploads\/2024\/05\/4-1024x304.jpg 1024w, https:\/\/draadvogados.com\/wp-content\/uploads\/2024\/05\/4-300x89.jpg 300w, https:\/\/draadvogados.com\/wp-content\/uploads\/2024\/05\/4-768x228.jpg 768w, https:\/\/draadvogados.com\/wp-content\/uploads\/2024\/05\/4-1536x456.jpg 1536w, https:\/\/draadvogados.com\/wp-content\/uploads\/2024\/05\/4.jpg 1920w\" sizes=\"(max-width: 1024px) 100vw, 1024px\" \/>\t\t\t\t\t\t\t\t\t\t\t\t\t\t\t\t\t\t\t\t\t\t\t\t<\/div>\n\t\t\t\t\t\t\t\t<\/div>\n\t\t\t\t<\/div>\n\t\t\t\t<div class=\"elementor-element elementor-element-6eb965c elementor-invisible elementor-widget elementor-widget-text-editor\" data-id=\"6eb965c\" data-element_type=\"widget\" data-settings=\"{&quot;_animation&quot;:&quot;fadeIn&quot;,&quot;_animation_tablet&quot;:&quot;none&quot;,&quot;_animation_delay&quot;:501}\" data-widget_type=\"text-editor.default\">\n\t\t\t\t<div class=\"elementor-widget-container\">\n\t\t\t\t\t\t\t\t\t<p>Our firm is composed of partners with extensive experience in corporate law, conflict prevention, and dispute resolution, established in Brazil and foreign jurisdictions, with particular expertise in Criminal, Civil, and Business Law.<\/p><p>Our partners also possess a strong academic background, with experience at international educational institutions and a significant body of scholarly publications.<\/p><p>Our team includes associates who have graduated from the country's top universities and specialized consultants, equipped with all the necessary tools to provide exceptional legal services.<\/p><p>We offer legal services to both individuals and corporate entities, domestic and international, operating in traditional and emerging markets, as well as to third sector organizations.<\/p><p>Our office is in Botafogo, Rio de Janeiro.<\/p>\t\t\t\t\t\t\t\t<\/div>\n\t\t\t\t<\/div>\n\t\t\t\t<div class=\"vamtam-has-theme-widget-styles elementor-element elementor-element-94b72b8 elementor-widget__width-auto vamtam-has-underline-anim elementor-widget elementor-widget-button\" data-id=\"94b72b8\" data-element_type=\"widget\" data-widget_type=\"button.default\">\n\t\t\t\t<div class=\"elementor-widget-container\">\n\t\t\t\t\t\t\t\t\t<div class=\"elementor-button-wrapper\">\n\t\t\t\t\t<a class=\"elementor-button elementor-button-link elementor-size-sm\" href=\"https:\/\/draadvogados.com\/en\/areas-de-atuacao\/\">\n\t\t\t\t\t\t<span class=\"elementor-button-content-wrapper\">\n\t\t\t\t\t\t<span class=\"elementor-button-icon\">\n\t\t\t\t<i aria-hidden=\"true\" class=\"vamtamtheme- vamtam-theme-icon-arrow-right-top\"><\/i>\t\t\t<\/span>\n\t\t\t\t\t\t\t\t\t<span class=\"elementor-button-text\">Practice areas<\/span>\n\t\t\t\t\t<\/span>\n\t\t\t\t\t<\/a>\n\t\t\t\t<\/div>\n\t\t\t\t\t\t\t\t<\/div>\n\t\t\t\t<\/div>\n\t\t\t\t<div class=\"elementor-element elementor-element-a41c9cf elementor-widget-divider--view-line elementor-widget elementor-widget-divider\" data-id=\"a41c9cf\" data-element_type=\"widget\" data-widget_type=\"divider.default\">\n\t\t\t\t<div class=\"elementor-widget-container\">\n\t\t\t\t\t\t\t<div class=\"elementor-divider\">\n\t\t\t<span class=\"elementor-divider-separator\">\n\t\t\t\t\t\t<\/span>\n\t\t<\/div>\n\t\t\t\t\t\t<\/div>\n\t\t\t\t<\/div>\n\t\t<div class=\"elementor-element elementor-element-14ec467 e-flex e-con-boxed e-con e-parent\" data-id=\"14ec467\" data-element_type=\"container\">\n\t\t\t\t\t<div class=\"e-con-inner\">\n\t\t<div class=\"elementor-element elementor-element-b013654 e-flex e-con-boxed e-con e-child\" data-id=\"b013654\" data-element_type=\"container\">\n\t\t\t\t\t<div class=\"e-con-inner\">\n\t\t\t\t<div class=\"elementor-element elementor-element-4f31014 elementor-widget elementor-widget-heading\" data-id=\"4f31014\" data-element_type=\"widget\" data-widget_type=\"heading.default\">\n\t\t\t\t<div class=\"elementor-widget-container\">\n\t\t\t\t\t<h1 class=\"elementor-heading-title elementor-size-default\">Ethics<\/h1>\t\t\t\t<\/div>\n\t\t\t\t<\/div>\n\t\t\t\t<div class=\"elementor-element elementor-element-a625198 elementor-invisible elementor-widget elementor-widget-text-editor\" data-id=\"a625198\" data-element_type=\"widget\" data-settings=\"{&quot;_animation&quot;:&quot;fadeIn&quot;,&quot;_animation_tablet&quot;:&quot;none&quot;,&quot;_animation_delay&quot;:501}\" data-widget_type=\"text-editor.default\">\n\t\t\t\t<div class=\"elementor-widget-container\">\n\t\t\t\t\t\t\t\t\t<p>In addition to advocating for legal expertise, we have an unwavering commitment to professional ethics.<\/p><p>Adhering to modernly accepted methods for the prevention and resolution of risks inherent to the practice, the firm is committed to implementing internal procedures, governance policies, and organization aimed at combating any unethical or illegal conduct.<\/p><p>To formalize this commitment, we have consolidated our procedural standards in a Code of Ethics, which clarifies any doubts about the expected behavior of our members and our relationship with suppliers, service providers, and public officials.<\/p>\t\t\t\t\t\t\t\t<\/div>\n\t\t\t\t<\/div>\n\t\t\t\t<div class=\"vamtam-has-theme-widget-styles elementor-element elementor-element-980ff4c elementor-widget__width-auto vamtam-has-underline-anim elementor-widget elementor-widget-button\" data-id=\"980ff4c\" data-element_type=\"widget\" data-widget_type=\"button.default\">\n\t\t\t\t<div class=\"elementor-widget-container\">\n\t\t\t\t\t\t\t\t\t<div class=\"elementor-button-wrapper\">\n\t\t\t\t\t<a class=\"elementor-button elementor-button-link elementor-size-sm\" href=\"https:\/\/draadvogados.com\/wp-content\/uploads\/2024\/05\/Codigo-de-Etica.pdf\">\n\t\t\t\t\t\t<span class=\"elementor-button-content-wrapper\">\n\t\t\t\t\t\t<span class=\"elementor-button-icon\">\n\t\t\t\t<i aria-hidden=\"true\" class=\"vamtamtheme- vamtam-theme-icon-arrow-right-top\"><\/i>\t\t\t<\/span>\n\t\t\t\t\t\t\t\t\t<span class=\"elementor-button-text\">Download Code of Ethics<\/span>\n\t\t\t\t\t<\/span>\n\t\t\t\t\t<\/a>\n\t\t\t\t<\/div>\n\t\t\t\t\t\t\t\t<\/div>\n\t\t\t\t<\/div>\n\t\t\t\t\t<\/div>\n\t\t\t\t<\/div>\n\t\t\t\t\t<\/div>\n\t\t\t\t<\/div>\n\t\t\t\t\t<\/div>\n\t\t<\/div>\n\t\t\t\t\t<\/div>\n\t\t<\/section>\n\t\t\t\t<\/div>","protected":false},"excerpt":{"rendered":"<p>Quem somos Nosso escrit\u00f3rio \u00e9 composto por s\u00f3cios que det\u00eam vasta experi\u00eancia na advocacia corporativa, na preven\u00e7\u00e3o e na resolu\u00e7\u00e3o de conflitos, estabelecidos no Brasil e em jurisdi\u00e7\u00f5es estrangeiras, com destaque para as \u00e1reas de Direito Penal, Civil e Empresarial. Nossos s\u00f3cios tamb\u00e9m possuem s\u00f3lida trajet\u00f3ria acad\u00eamica, acumulando passagens em institui\u00e7\u00f5es de ensino no exterior,&#8230;<\/p>","protected":false},"author":1,"featured_media":987654,"parent":0,"menu_order":0,"comment_status":"closed","ping_status":"closed","template":"","meta":{"footnotes":""},"class_list":["post-586","page","type-page","status-publish","has-post-thumbnail","hentry"],"_links":{"self":[{"href":"https:\/\/draadvogados.com\/en\/wp-json\/wp\/v2\/pages\/586","targetHints":{"allow":["GET"]}}],"collection":[{"href":"https:\/\/draadvogados.com\/en\/wp-json\/wp\/v2\/pages"}],"about":[{"href":"https:\/\/draadvogados.com\/en\/wp-json\/wp\/v2\/types\/page"}],"author":[{"embeddable":true,"href":"https:\/\/draadvogados.com\/en\/wp-json\/wp\/v2\/users\/1"}],"replies":[{"embeddable":true,"href":"https:\/\/draadvogados.com\/en\/wp-json\/wp\/v2\/comments?post=586"}],"version-history":[{"count":134,"href":"https:\/\/draadvogados.com\/en\/wp-json\/wp\/v2\/pages\/586\/revisions"}],"predecessor-version":[{"id":989444,"href":"https:\/\/draadvogados.com\/en\/wp-json\/wp\/v2\/pages\/586\/revisions\/989444"}],"wp:featuredmedia":[{"embeddable":true,"href":"https:\/\/draadvogados.com\/en\/wp-json\/wp\/v2\/media\/987654"}],"wp:attachment":[{"href":"https:\/\/draadvogados.com\/en\/wp-json\/wp\/v2\/media?parent=586"}],"curies":[{"name":"wp","href":"https:\/\/api.w.org\/{rel}","templated":true}]}}