{"id":835,"date":"2022-10-07T12:59:12","date_gmt":"2022-10-07T12:59:12","guid":{"rendered":"https:\/\/avvocato.vamtam.com\/?page_id=835"},"modified":"2024-05-28T17:59:49","modified_gmt":"2024-05-28T17:59:49","slug":"home-small-law-firm","status":"publish","type":"page","link":"https:\/\/draadvogados.com\/en\/","title":{"rendered":"Home"},"content":{"rendered":"<div data-elementor-type=\"wp-page\" data-elementor-id=\"835\" class=\"elementor elementor-835\" data-elementor-post-type=\"page\">\n\t\t\t\t\t\t<section class=\"elementor-section elementor-top-section elementor-element elementor-element-090aea2 elementor-section-height-min-height elementor-section-items-stretch elementor-section-content-bottom elementor-section-boxed elementor-section-height-default\" data-id=\"090aea2\" data-element_type=\"section\" data-settings=\"{&quot;background_background&quot;:&quot;slideshow&quot;,&quot;background_slideshow_gallery&quot;:[{&quot;id&quot;:989111,&quot;url&quot;:&quot;https:\\\/\\\/draadvogados.com\\\/wp-content\\\/uploads\\\/2024\\\/05\\\/back1.jpg&quot;},{&quot;id&quot;:989112,&quot;url&quot;:&quot;https:\\\/\\\/draadvogados.com\\\/wp-content\\\/uploads\\\/2024\\\/05\\\/back2.jpg&quot;},{&quot;id&quot;:989113,&quot;url&quot;:&quot;https:\\\/\\\/draadvogados.com\\\/wp-content\\\/uploads\\\/2024\\\/05\\\/back3.jpg&quot;},{&quot;id&quot;:989114,&quot;url&quot;:&quot;https:\\\/\\\/draadvogados.com\\\/wp-content\\\/uploads\\\/2024\\\/05\\\/back4.jpg&quot;}],&quot;background_slideshow_ken_burns&quot;:&quot;yes&quot;,&quot;background_slideshow_loop&quot;:&quot;yes&quot;,&quot;background_slideshow_slide_duration&quot;:5000,&quot;background_slideshow_slide_transition&quot;:&quot;fade&quot;,&quot;background_slideshow_transition_duration&quot;:500,&quot;background_slideshow_ken_burns_zoom_direction&quot;:&quot;in&quot;}\">\n\t\t\t\t\t\t<div class=\"elementor-container elementor-column-gap-no\">\n\t\t\t\t\t<div class=\"elementor-column elementor-col-50 elementor-top-column elementor-element elementor-element-6f68cef\" data-id=\"6f68cef\" data-element_type=\"column\">\n\t\t\t<div class=\"elementor-widget-wrap\">\n\t\t\t\t\t\t\t<\/div>\n\t\t<\/div>\n\t\t\t\t<div class=\"elementor-column elementor-col-50 elementor-top-column elementor-element elementor-element-91d57e7 elementor-hidden-tablet elementor-hidden-mobile\" data-id=\"91d57e7\" data-element_type=\"column\">\n\t\t\t<div class=\"elementor-widget-wrap\">\n\t\t\t\t\t\t\t<\/div>\n\t\t<\/div>\n\t\t\t\t\t<\/div>\n\t\t<\/section>\n\t\t\t\t<section class=\"elementor-section elementor-top-section elementor-element elementor-element-1076bfe elementor-section-content-bottom elementor-section-boxed elementor-section-height-default elementor-section-height-default\" data-id=\"1076bfe\" data-element_type=\"section\" data-settings=\"{&quot;background_background&quot;:&quot;classic&quot;}\">\n\t\t\t\t\t\t\t<div class=\"elementor-background-overlay\"><\/div>\n\t\t\t\t\t\t\t<div class=\"elementor-container elementor-column-gap-no\">\n\t\t\t\t\t<div class=\"elementor-column elementor-col-100 elementor-top-column elementor-element elementor-element-2322189\" data-id=\"2322189\" data-element_type=\"column\">\n\t\t\t<div class=\"elementor-widget-wrap elementor-element-populated\">\n\t\t\t\t\t\t<div class=\"elementor-element elementor-element-94ec52c elementor-widget__width-initial elementor-vertical-align-top elementor-widget elementor-widget-image-box\" data-id=\"94ec52c\" data-element_type=\"widget\" data-widget_type=\"image-box.default\">\n\t\t\t\t<div class=\"elementor-widget-container\">\n\t\t\t\t\t<div class=\"elementor-image-box-wrapper\"><div class=\"elementor-image-box-content\"><h3 class=\"elementor-image-box-title\">We are a law firm specialized in Criminal Law and Dispute Resolution.<\/h3><p class=\"elementor-image-box-description\">Our mission is to prevent litigation, manage crises, and build technical, innovative, and tailored solutions that fit the projects and challenges of our clients. \n<\/p><\/div><\/div>\t\t\t\t<\/div>\n\t\t\t\t<\/div>\n\t\t\t\t<div class=\"vamtam-has-theme-widget-styles elementor-element elementor-element-0d23531 elementor-widget__width-inherit vamtam-has-underline-anim elementor-widget elementor-widget-button\" data-id=\"0d23531\" data-element_type=\"widget\" data-widget_type=\"button.default\">\n\t\t\t\t<div class=\"elementor-widget-container\">\n\t\t\t\t\t\t\t\t\t<div class=\"elementor-button-wrapper\">\n\t\t\t\t\t<a class=\"elementor-button elementor-button-link elementor-size-sm\" href=\"https:\/\/draadvogados.com\/en\/o-escritorio\/\">\n\t\t\t\t\t\t<span class=\"elementor-button-content-wrapper\">\n\t\t\t\t\t\t<span class=\"elementor-button-icon\">\n\t\t\t\t<i aria-hidden=\"true\" class=\"vamtamtheme- vamtam-theme-icon-arrow-right-top\"><\/i>\t\t\t<\/span>\n\t\t\t\t\t\t\t\t\t<span class=\"elementor-button-text\">Find out more<\/span>\n\t\t\t\t\t<\/span>\n\t\t\t\t\t<\/a>\n\t\t\t\t<\/div>\n\t\t\t\t\t\t\t\t<\/div>\n\t\t\t\t<\/div>\n\t\t\t\t\t<\/div>\n\t\t<\/div>\n\t\t\t\t\t<\/div>\n\t\t<\/section>\n\t\t\t\t<section class=\"elementor-section elementor-top-section elementor-element elementor-element-33c6bf2 elementor-hidden-desktop elementor-hidden-tablet elementor-hidden-mobile elementor-section-boxed elementor-section-height-default elementor-section-height-default\" data-id=\"33c6bf2\" data-element_type=\"section\" data-settings=\"{&quot;background_background&quot;:&quot;classic&quot;}\">\n\t\t\t\t\t\t<div class=\"elementor-container elementor-column-gap-no\">\n\t\t\t\t\t<div class=\"elementor-column elementor-col-50 elementor-top-column elementor-element elementor-element-facc947\" data-id=\"facc947\" data-element_type=\"column\" data-settings=\"{&quot;background_background&quot;:&quot;classic&quot;}\">\n\t\t\t<div class=\"elementor-widget-wrap elementor-element-populated\">\n\t\t\t\t\t\t<div class=\"elementor-element elementor-element-933a9ab elementor-widget elementor-widget-heading\" data-id=\"933a9ab\" data-element_type=\"widget\" data-widget_type=\"heading.default\">\n\t\t\t\t<div class=\"elementor-widget-container\">\n\t\t\t\t\t<h2 class=\"elementor-heading-title elementor-size-default\">Publications<\/h2>\t\t\t\t<\/div>\n\t\t\t\t<\/div>\n\t\t\t\t<div class=\"elementor-element elementor-element-ea95490 elementor-widget-divider--view-line elementor-widget elementor-widget-divider\" data-id=\"ea95490\" data-element_type=\"widget\" data-widget_type=\"divider.default\">\n\t\t\t\t<div class=\"elementor-widget-container\">\n\t\t\t\t\t\t\t<div class=\"elementor-divider\">\n\t\t\t<span class=\"elementor-divider-separator\">\n\t\t\t\t\t\t<\/span>\n\t\t<\/div>\n\t\t\t\t\t\t<\/div>\n\t\t\t\t<\/div>\n\t\t\t\t<div class=\"elementor-element elementor-element-9e75f7c elementor-widget elementor-widget-text-editor\" data-id=\"9e75f7c\" data-element_type=\"widget\" data-widget_type=\"text-editor.default\">\n\t\t\t\t<div class=\"elementor-widget-container\">\n\t\t\t\t\t\t\t\t\t<p>Confira nossos artigos e not\u00edcias.<\/p>\t\t\t\t\t\t\t\t<\/div>\n\t\t\t\t<\/div>\n\t\t\t\t<div class=\"elementor-element elementor-element-5557f64 elementor-widget elementor-widget-spacer\" data-id=\"5557f64\" data-element_type=\"widget\" data-widget_type=\"spacer.default\">\n\t\t\t\t<div class=\"elementor-widget-container\">\n\t\t\t\t\t\t\t<div class=\"elementor-spacer\">\n\t\t\t<div class=\"elementor-spacer-inner\"><\/div>\n\t\t<\/div>\n\t\t\t\t\t\t<\/div>\n\t\t\t\t<\/div>\n\t\t\t\t<div class=\"vamtam-has-theme-widget-styles elementor-element elementor-element-9a2ef2a vamtam-has-underline-anim elementor-widget elementor-widget-button\" data-id=\"9a2ef2a\" data-element_type=\"widget\" data-widget_type=\"button.default\">\n\t\t\t\t<div class=\"elementor-widget-container\">\n\t\t\t\t\t\t\t\t\t<div class=\"elementor-button-wrapper\">\n\t\t\t\t\t<a class=\"elementor-button elementor-button-link elementor-size-sm\" href=\"https:\/\/draadvogados.com\/en\/publicacoes\/\">\n\t\t\t\t\t\t<span class=\"elementor-button-content-wrapper\">\n\t\t\t\t\t\t\t\t\t<span class=\"elementor-button-text\">Ver tudo<\/span>\n\t\t\t\t\t<\/span>\n\t\t\t\t\t<\/a>\n\t\t\t\t<\/div>\n\t\t\t\t\t\t\t\t<\/div>\n\t\t\t\t<\/div>\n\t\t\t\t\t<\/div>\n\t\t<\/div>\n\t\t\t\t<div class=\"elementor-column elementor-col-50 elementor-top-column elementor-element elementor-element-0af4878\" data-id=\"0af4878\" data-element_type=\"column\">\n\t\t\t<div class=\"elementor-widget-wrap elementor-element-populated\">\n\t\t\t\t\t\t<div class=\"vamtam-has-theme-widget-styles elementor-element elementor-element-b26ece4 vamtam-has-hr-layout elementor-widget__width-initial elementor-grid-3 elementor-grid-tablet-2 elementor-grid-mobile-1 elementor-posts--thumbnail-top vamtam-has-title-underline-anim elementor-widget elementor-widget-posts\" data-id=\"b26ece4\" data-element_type=\"widget\" data-settings=\"{&quot;vamtam_classic_row_gap&quot;:{&quot;unit&quot;:&quot;px&quot;,&quot;size&quot;:0,&quot;sizes&quot;:[]},&quot;vamtam_classic_columns&quot;:&quot;3&quot;,&quot;vamtam_classic_columns_tablet&quot;:&quot;2&quot;,&quot;vamtam_classic_columns_mobile&quot;:&quot;1&quot;,&quot;vamtam_classic_row_gap_tablet&quot;:{&quot;unit&quot;:&quot;px&quot;,&quot;size&quot;:&quot;&quot;,&quot;sizes&quot;:[]},&quot;vamtam_classic_row_gap_mobile&quot;:{&quot;unit&quot;:&quot;px&quot;,&quot;size&quot;:&quot;&quot;,&quot;sizes&quot;:[]}}\" data-widget_type=\"posts.vamtam_classic\">\n\t\t\t\t<div class=\"elementor-widget-container\">\n\t\t\t\t\t\t\t<div class=\"elementor-posts-container elementor-posts elementor-posts--skin-vamtam_classic elementor-grid\">\n\t\t\t\t<article class=\"elementor-post elementor-grid-item post-989456 post type-post status-publish format-standard has-post-thumbnail hentry category-artigos\">\n\t\t\t\t<a class=\"elementor-post__thumbnail__link\" href=\"https:\/\/draadvogados.com\/en\/fraude-com-utilizacao-de-ativos-virtuais-valores-mobiliarios-ou-ativosfinanceiros\/\" tabindex=\"-1\" >\n\t\t\t<div class=\"elementor-post__thumbnail\"><img fetchpriority=\"high\" decoding=\"async\" width=\"300\" height=\"199\" src=\"https:\/\/draadvogados.com\/wp-content\/uploads\/2025\/04\/hacker-crime-golpe-virtual-estel-602x400-1-300x199.jpeg\" class=\"attachment-medium size-medium wp-image-989458\" alt=\"\" srcset=\"https:\/\/draadvogados.com\/wp-content\/uploads\/2025\/04\/hacker-crime-golpe-virtual-estel-602x400-1-300x199.jpeg 300w, https:\/\/draadvogados.com\/wp-content\/uploads\/2025\/04\/hacker-crime-golpe-virtual-estel-602x400-1-18x12.jpeg 18w, https:\/\/draadvogados.com\/wp-content\/uploads\/2025\/04\/hacker-crime-golpe-virtual-estel-602x400-1.jpeg 602w\" sizes=\"(max-width: 300px) 100vw, 300px\" \/><\/div>\n\t\t<\/a>\n\t\t\t\t<div class=\"elementor-post__text\">\n\t\t\t\t<h3 class=\"elementor-post__title\">\n\t\t\t<a href=\"https:\/\/draadvogados.com\/en\/fraude-com-utilizacao-de-ativos-virtuais-valores-mobiliarios-ou-ativosfinanceiros\/\" >\n\t\t\t\tFraude com utiliza\u00e7\u00e3o de ativos virtuais, valores mobili\u00e1rios ou ativos financeiros\t\t\t<\/a>\n\t\t<\/h3>\n\t\t\t\t\t<div class=\"elementor-post__read-more-wrapper\">\n\t\t\n\t\t<a class=\"elementor-post__read-more\" href=\"https:\/\/draadvogados.com\/en\/fraude-com-utilizacao-de-ativos-virtuais-valores-mobiliarios-ou-ativosfinanceiros\/\" aria-label=\"Read more about Fraude com utiliza\u00e7\u00e3o de ativos virtuais, valores mobili\u00e1rios ou ativos financeiros\" tabindex=\"-1\" >\n\t\t\tRead more\t\t<\/a>\n\n\t\t\t\t\t<\/div>\n\t\t\t\t<\/div>\n\t\t\t\t<\/article>\n\t\t\t\t<article class=\"elementor-post elementor-grid-item post-989450 post type-post status-publish format-standard has-post-thumbnail hentry category-artigos\">\n\t\t\t\t<a class=\"elementor-post__thumbnail__link\" href=\"https:\/\/draadvogados.com\/en\/estelionato-por-meio-de-fraude-eletronica-um-nao-remedio-para-um-atual-fato-antigo\/\" tabindex=\"-1\" >\n\t\t\t<div class=\"elementor-post__thumbnail\"><img decoding=\"async\" width=\"300\" height=\"200\" src=\"https:\/\/draadvogados.com\/wp-content\/uploads\/2025\/04\/aaa-300x200.jpeg\" class=\"attachment-medium size-medium wp-image-989451\" alt=\"\" srcset=\"https:\/\/draadvogados.com\/wp-content\/uploads\/2025\/04\/aaa-300x200.jpeg 300w, https:\/\/draadvogados.com\/wp-content\/uploads\/2025\/04\/aaa-18x12.jpeg 18w, https:\/\/draadvogados.com\/wp-content\/uploads\/2025\/04\/aaa.jpeg 600w\" sizes=\"(max-width: 300px) 100vw, 300px\" \/><\/div>\n\t\t<\/a>\n\t\t\t\t<div class=\"elementor-post__text\">\n\t\t\t\t<h3 class=\"elementor-post__title\">\n\t\t\t<a href=\"https:\/\/draadvogados.com\/en\/estelionato-por-meio-de-fraude-eletronica-um-nao-remedio-para-um-atual-fato-antigo\/\" >\n\t\t\t\tEstelionato por meio de fraude eletr\u00f4nica: um n\u00e3o rem\u00e9dio para um atual fato antigo\t\t\t<\/a>\n\t\t<\/h3>\n\t\t\t\t\t<div class=\"elementor-post__read-more-wrapper\">\n\t\t\n\t\t<a class=\"elementor-post__read-more\" href=\"https:\/\/draadvogados.com\/en\/estelionato-por-meio-de-fraude-eletronica-um-nao-remedio-para-um-atual-fato-antigo\/\" aria-label=\"Read more about Estelionato por meio de fraude eletr\u00f4nica: um n\u00e3o rem\u00e9dio para um atual fato antigo\" tabindex=\"-1\" >\n\t\t\tRead more\t\t<\/a>\n\n\t\t\t\t\t<\/div>\n\t\t\t\t<\/div>\n\t\t\t\t<\/article>\n\t\t\t\t<article class=\"elementor-post elementor-grid-item post-989411 post type-post status-publish format-standard has-post-thumbnail hentry category-artigos\">\n\t\t\t\t<a class=\"elementor-post__thumbnail__link\" href=\"https:\/\/draadvogados.com\/en\/violencia-contra-mulher-e-o-futebol-um-problema-cultural-e-social\/\" tabindex=\"-1\" >\n\t\t\t<div class=\"elementor-post__thumbnail\"><img decoding=\"async\" width=\"300\" height=\"171\" src=\"https:\/\/draadvogados.com\/wp-content\/uploads\/2024\/08\/MSOGGMB6IZHEBH367B2YQKS6TQ-300x171.png\" class=\"attachment-medium size-medium wp-image-989434\" alt=\"\" srcset=\"https:\/\/draadvogados.com\/wp-content\/uploads\/2024\/08\/MSOGGMB6IZHEBH367B2YQKS6TQ-300x171.png 300w, https:\/\/draadvogados.com\/wp-content\/uploads\/2024\/08\/MSOGGMB6IZHEBH367B2YQKS6TQ-18x10.png 18w, https:\/\/draadvogados.com\/wp-content\/uploads\/2024\/08\/MSOGGMB6IZHEBH367B2YQKS6TQ.png 350w\" sizes=\"(max-width: 300px) 100vw, 300px\" \/><\/div>\n\t\t<\/a>\n\t\t\t\t<div class=\"elementor-post__text\">\n\t\t\t\t<h3 class=\"elementor-post__title\">\n\t\t\t<a href=\"https:\/\/draadvogados.com\/en\/violencia-contra-mulher-e-o-futebol-um-problema-cultural-e-social\/\" >\n\t\t\t\tViol\u00eancia contra mulher e o futebol: um problema cultural e social\t\t\t<\/a>\n\t\t<\/h3>\n\t\t\t\t\t<div class=\"elementor-post__read-more-wrapper\">\n\t\t\n\t\t<a class=\"elementor-post__read-more\" href=\"https:\/\/draadvogados.com\/en\/violencia-contra-mulher-e-o-futebol-um-problema-cultural-e-social\/\" aria-label=\"Read more about Viol\u00eancia contra mulher e o futebol: um problema cultural e social\" tabindex=\"-1\" >\n\t\t\tRead more\t\t<\/a>\n\n\t\t\t\t\t<\/div>\n\t\t\t\t<\/div>\n\t\t\t\t<\/article>\n\t\t\t\t<\/div>\n\t\t\n\t\t\t\t\t\t<\/div>\n\t\t\t\t<\/div>\n\t\t\t\t\t<\/div>\n\t\t<\/div>\n\t\t\t\t\t<\/div>\n\t\t<\/section>\n\t\t\t\t<\/div>","protected":false},"excerpt":{"rendered":"<p>Somos um escrit\u00f3rio especializado em Direito Penal e Resolu\u00e7\u00e3o de Conflitos. Nossa miss\u00e3o \u00e9 prevenir lit\u00edgios, gerenciar crises e construir solu\u00e7\u00f5es t\u00e9cnicas, inovadoras e artesanais,<\/p>","protected":false},"author":1,"featured_media":0,"parent":0,"menu_order":0,"comment_status":"closed","ping_status":"closed","template":"","meta":{"footnotes":""},"class_list":["post-835","page","type-page","status-publish","hentry"],"_links":{"self":[{"href":"https:\/\/draadvogados.com\/en\/wp-json\/wp\/v2\/pages\/835","targetHints":{"allow":["GET"]}}],"collection":[{"href":"https:\/\/draadvogados.com\/en\/wp-json\/wp\/v2\/pages"}],"about":[{"href":"https:\/\/draadvogados.com\/en\/wp-json\/wp\/v2\/types\/page"}],"author":[{"embeddable":true,"href":"https:\/\/draadvogados.com\/en\/wp-json\/wp\/v2\/users\/1"}],"replies":[{"embeddable":true,"href":"https:\/\/draadvogados.com\/en\/wp-json\/wp\/v2\/comments?post=835"}],"version-history":[{"count":213,"href":"https:\/\/draadvogados.com\/en\/wp-json\/wp\/v2\/pages\/835\/revisions"}],"predecessor-version":[{"id":989239,"href":"https:\/\/draadvogados.com\/en\/wp-json\/wp\/v2\/pages\/835\/revisions\/989239"}],"wp:attachment":[{"href":"https:\/\/draadvogados.com\/en\/wp-json\/wp\/v2\/media?parent=835"}],"curies":[{"name":"wp","href":"https:\/\/api.w.org\/{rel}","templated":true}]}}