{"id":987750,"date":"2023-08-21T19:38:10","date_gmt":"2023-08-21T19:38:10","guid":{"rendered":"https:\/\/liporaci.htech.eti.br\/?page_id=987750"},"modified":"2024-08-28T18:59:41","modified_gmt":"2024-08-28T18:59:41","slug":"alves-pereira","status":"publish","type":"page","link":"https:\/\/draadvogados.com\/en\/alves-pereira\/","title":{"rendered":"Renato Alves Pereira"},"content":{"rendered":"<div data-elementor-type=\"wp-page\" data-elementor-id=\"987750\" class=\"elementor elementor-987750\" data-elementor-post-type=\"page\">\n\t\t\t\t\t\t<section class=\"elementor-section elementor-top-section elementor-element elementor-element-764ace3 elementor-reverse-mobile elementor-section-boxed elementor-section-height-default elementor-section-height-default\" data-id=\"764ace3\" data-element_type=\"section\">\n\t\t\t\t\t\t<div class=\"elementor-container elementor-column-gap-no\">\n\t\t\t\t\t<div class=\"elementor-column elementor-col-50 elementor-top-column elementor-element elementor-element-8930d26\" data-id=\"8930d26\" data-element_type=\"column\">\n\t\t\t<div class=\"elementor-widget-wrap elementor-element-populated\">\n\t\t\t\t\t\t<div class=\"elementor-element elementor-element-d0c47a1 elementor-widget__width-initial elementor-widget elementor-widget-heading\" data-id=\"d0c47a1\" data-element_type=\"widget\" data-widget_type=\"heading.default\">\n\t\t\t\t<div class=\"elementor-widget-container\">\n\t\t\t\t\t<h2 class=\"elementor-heading-title elementor-size-default\">Renato Alves Pereira<\/h2>\t\t\t\t<\/div>\n\t\t\t\t<\/div>\n\t\t\t\t<div class=\"elementor-element elementor-element-132eb94 e-grid-align-left elementor-widget__width-initial elementor-shape-rounded elementor-grid-0 elementor-widget elementor-widget-social-icons\" data-id=\"132eb94\" data-element_type=\"widget\" data-widget_type=\"social-icons.default\">\n\t\t\t\t<div class=\"elementor-widget-container\">\n\t\t\t\t\t\t\t<div class=\"elementor-social-icons-wrapper elementor-grid\">\n\t\t\t\t\t\t\t<span class=\"elementor-grid-item\">\n\t\t\t\t\t<a class=\"elementor-icon elementor-social-icon elementor-social-icon-linkedin elementor-repeater-item-4ccced5\" href=\"https:\/\/www.linkedin.com\/in\/renato-alves-pereira-b51996131\/\" target=\"_blank\">\n\t\t\t\t\t\t<span class=\"elementor-screen-only\">Linkedin<\/span>\n\t\t\t\t\t\t<i class=\"fab fa-linkedin\"><\/i>\t\t\t\t\t<\/a>\n\t\t\t\t<\/span>\n\t\t\t\t\t<\/div>\n\t\t\t\t\t\t<\/div>\n\t\t\t\t<\/div>\n\t\t\t\t<div class=\"elementor-element elementor-element-2746dea elementor-widget elementor-widget-text-editor\" data-id=\"2746dea\" data-element_type=\"widget\" data-widget_type=\"text-editor.default\">\n\t\t\t\t<div class=\"elementor-widget-container\">\n\t\t\t\t\t\t\t\t\t<p>Attorney in the field of Dispute Resolution, with experience in major civil and corporate litigation. In his 10-year career, he participated in many of the largest judicial disputes that have arisen. He was part of one of the largest dispute resolution firms in the country, where he began and consolidated his career.<\/p><p>Graduated from the Law School of the State University of Rio de Janeiro (UERJ).<\/p><p>Extension courses in Judicial Recovery and Bankruptcy of Companies at Insper in partnership with TMA (Turnaround Management Association), and in Legal Studies at American University \u2013 Washington College of Law.<\/p><p>Languages: Portuguese, English, French, and Spanish.<\/p>\t\t\t\t\t\t\t\t<\/div>\n\t\t\t\t<\/div>\n\t\t\t\t<section class=\"elementor-section elementor-inner-section elementor-element elementor-element-3566a2d elementor-section-boxed elementor-section-height-default elementor-section-height-default\" data-id=\"3566a2d\" data-element_type=\"section\">\n\t\t\t\t\t\t<div class=\"elementor-container elementor-column-gap-no\">\n\t\t\t\t\t<div class=\"elementor-column elementor-col-100 elementor-inner-column elementor-element elementor-element-8ae04d6\" data-id=\"8ae04d6\" data-element_type=\"column\">\n\t\t\t<div class=\"elementor-widget-wrap elementor-element-populated\">\n\t\t\t\t\t\t<div class=\"vamtam-has-theme-widget-styles elementor-element elementor-element-2e80445 elementor-widget__width-auto vamtam-has-underline-anim elementor-widget elementor-widget-button\" data-id=\"2e80445\" data-element_type=\"widget\" data-widget_type=\"button.default\">\n\t\t\t\t<div class=\"elementor-widget-container\">\n\t\t\t\t\t\t\t\t\t<div class=\"elementor-button-wrapper\">\n\t\t\t\t\t<a class=\"elementor-button elementor-button-link elementor-size-sm\" href=\"https:\/\/draadvogados.com\/en\/contato\/\">\n\t\t\t\t\t\t<span class=\"elementor-button-content-wrapper\">\n\t\t\t\t\t\t<span class=\"elementor-button-icon\">\n\t\t\t\t<i aria-hidden=\"true\" class=\"vamtamtheme- vamtam-theme-icon-arrow-right-top\"><\/i>\t\t\t<\/span>\n\t\t\t\t\t\t\t\t\t<span class=\"elementor-button-text\">Contact us<\/span>\n\t\t\t\t\t<\/span>\n\t\t\t\t\t<\/a>\n\t\t\t\t<\/div>\n\t\t\t\t\t\t\t\t<\/div>\n\t\t\t\t<\/div>\n\t\t\t\t\t<\/div>\n\t\t<\/div>\n\t\t\t\t\t<\/div>\n\t\t<\/section>\n\t\t\t\t\t<\/div>\n\t\t<\/div>\n\t\t\t\t<div class=\"elementor-column elementor-col-50 elementor-top-column elementor-element elementor-element-3c7dc2d\" data-id=\"3c7dc2d\" data-element_type=\"column\">\n\t\t\t<div class=\"elementor-widget-wrap elementor-element-populated\">\n\t\t\t\t\t\t<div class=\"vamtam-has-theme-widget-styles elementor-element elementor-element-a396ede elementor-widget elementor-widget-image\" data-id=\"a396ede\" data-element_type=\"widget\" data-settings=\"{&quot;sticky&quot;:&quot;top&quot;,&quot;sticky_on&quot;:[&quot;desktop&quot;,&quot;tablet&quot;],&quot;sticky_offset_tablet&quot;:65,&quot;sticky_parent&quot;:&quot;yes&quot;,&quot;sticky_offset&quot;:0,&quot;sticky_effects_offset&quot;:0}\" data-widget_type=\"image.default\">\n\t\t\t\t<div class=\"elementor-widget-container\">\n\t\t\t\t\t\t\t\t\t<div class=\"elementor-image\">\n\t\t\t\t\t\t\t\t\t\t\t\t\t\t\t\t\t\t\t\t\t<img fetchpriority=\"high\" decoding=\"async\" width=\"819\" height=\"1024\" src=\"https:\/\/draadvogados.com\/wp-content\/uploads\/2024\/05\/WhatsApp-Image-2024-05-23-at-15.18.08-819x1024.jpeg\" class=\"attachment-large size-large wp-image-989006\" alt=\"\" srcset=\"https:\/\/draadvogados.com\/wp-content\/uploads\/2024\/05\/WhatsApp-Image-2024-05-23-at-15.18.08-819x1024.jpeg 819w, https:\/\/draadvogados.com\/wp-content\/uploads\/2024\/05\/WhatsApp-Image-2024-05-23-at-15.18.08-240x300.jpeg 240w, https:\/\/draadvogados.com\/wp-content\/uploads\/2024\/05\/WhatsApp-Image-2024-05-23-at-15.18.08-768x960.jpeg 768w, https:\/\/draadvogados.com\/wp-content\/uploads\/2024\/05\/WhatsApp-Image-2024-05-23-at-15.18.08-1229x1536.jpeg 1229w, https:\/\/draadvogados.com\/wp-content\/uploads\/2024\/05\/WhatsApp-Image-2024-05-23-at-15.18.08.jpeg 1280w\" sizes=\"(max-width: 819px) 100vw, 819px\" \/>\t\t\t\t\t\t\t\t\t\t\t\t\t\t\t\t\t\t\t\t\t\t\t\t<\/div>\n\t\t\t\t\t\t\t\t<\/div>\n\t\t\t\t<\/div>\n\t\t\t\t\t<\/div>\n\t\t<\/div>\n\t\t\t\t\t<\/div>\n\t\t<\/section>\n\t\t\t\t<\/div>","protected":false},"excerpt":{"rendered":"<p>Renato Alves Pereira Linkedin Advogado na \u00e1rea de Resolu\u00e7\u00e3o de Conflitos, com experi\u00eancia em grandes lit\u00edgios c\u00edveis e empresariais. Nos seus 10 anos de carreira, atuou em muitas das maiores disputas judiciais que se estabeleceram. Integrou um dos maiores escrit\u00f3rios de resolu\u00e7\u00e3o de conflitos do pa\u00eds, onde iniciou e consolidou sua trajet\u00f3ria. Graduado pela Faculdade&#8230;<\/p>","protected":false},"author":1,"featured_media":0,"parent":0,"menu_order":0,"comment_status":"closed","ping_status":"closed","template":"","meta":{"footnotes":""},"class_list":["post-987750","page","type-page","status-publish","hentry"],"_links":{"self":[{"href":"https:\/\/draadvogados.com\/en\/wp-json\/wp\/v2\/pages\/987750","targetHints":{"allow":["GET"]}}],"collection":[{"href":"https:\/\/draadvogados.com\/en\/wp-json\/wp\/v2\/pages"}],"about":[{"href":"https:\/\/draadvogados.com\/en\/wp-json\/wp\/v2\/types\/page"}],"author":[{"embeddable":true,"href":"https:\/\/draadvogados.com\/en\/wp-json\/wp\/v2\/users\/1"}],"replies":[{"embeddable":true,"href":"https:\/\/draadvogados.com\/en\/wp-json\/wp\/v2\/comments?post=987750"}],"version-history":[{"count":79,"href":"https:\/\/draadvogados.com\/en\/wp-json\/wp\/v2\/pages\/987750\/revisions"}],"predecessor-version":[{"id":989410,"href":"https:\/\/draadvogados.com\/en\/wp-json\/wp\/v2\/pages\/987750\/revisions\/989410"}],"wp:attachment":[{"href":"https:\/\/draadvogados.com\/en\/wp-json\/wp\/v2\/media?parent=987750"}],"curies":[{"name":"wp","href":"https:\/\/api.w.org\/{rel}","templated":true}]}}