{"id":987893,"date":"2023-08-22T03:59:00","date_gmt":"2023-08-22T03:59:00","guid":{"rendered":"https:\/\/liporaci.htech.eti.br\/?page_id=987893"},"modified":"2024-06-01T23:11:49","modified_gmt":"2024-06-01T23:11:49","slug":"areas-de-atuacao","status":"publish","type":"page","link":"https:\/\/draadvogados.com\/en\/areas-de-atuacao\/","title":{"rendered":"\u00c1reas de Atua\u00e7\u00e3o"},"content":{"rendered":"<div data-elementor-type=\"wp-page\" data-elementor-id=\"987893\" class=\"elementor elementor-987893\" data-elementor-post-type=\"page\">\n\t\t\t\t\t\t<section class=\"elementor-section elementor-top-section elementor-element elementor-element-3270050 elementor-section-height-min-height elementor-section-boxed elementor-section-height-default elementor-section-items-middle\" data-id=\"3270050\" data-element_type=\"section\" data-settings=\"{&quot;background_background&quot;:&quot;classic&quot;}\">\n\t\t\t\t\t\t\t<div class=\"elementor-background-overlay\"><\/div>\n\t\t\t\t\t\t\t<div class=\"elementor-container elementor-column-gap-no\">\n\t\t\t\t\t<div class=\"elementor-column elementor-col-100 elementor-top-column elementor-element elementor-element-f52308b\" data-id=\"f52308b\" data-element_type=\"column\">\n\t\t\t<div class=\"elementor-widget-wrap elementor-element-populated\">\n\t\t\t\t\t\t<div class=\"elementor-element elementor-element-103e6da elementor-widget elementor-widget-heading\" data-id=\"103e6da\" data-element_type=\"widget\" data-widget_type=\"heading.default\">\n\t\t\t\t<div class=\"elementor-widget-container\">\n\t\t\t\t\t<h1 class=\"elementor-heading-title elementor-size-default\">Practice areas<\/h1>\t\t\t\t<\/div>\n\t\t\t\t<\/div>\n\t\t\t\t\t<\/div>\n\t\t<\/div>\n\t\t\t\t\t<\/div>\n\t\t<\/section>\n\t\t\t\t<section class=\"elementor-section elementor-top-section elementor-element elementor-element-0de7601 elementor-section-boxed elementor-section-height-default elementor-section-height-default\" data-id=\"0de7601\" data-element_type=\"section\" data-settings=\"{&quot;background_background&quot;:&quot;classic&quot;,&quot;animation&quot;:&quot;none&quot;}\">\n\t\t\t\t\t\t<div class=\"elementor-container elementor-column-gap-default\">\n\t\t\t\t\t<div class=\"elementor-column elementor-col-50 elementor-top-column elementor-element elementor-element-36f2ddc\" data-id=\"36f2ddc\" data-element_type=\"column\">\n\t\t\t<div class=\"elementor-widget-wrap elementor-element-populated\">\n\t\t\t\t\t\t<div class=\"vamtam-has-theme-widget-styles elementor-element elementor-element-13b88e5 elementor-widget elementor-widget-toggle\" data-id=\"13b88e5\" data-element_type=\"widget\" data-widget_type=\"toggle.default\">\n\t\t\t\t<div class=\"elementor-widget-container\">\n\t\t\t\t\t\t\t<div class=\"elementor-toggle\">\n\t\t\t\t\t\t\t<div class=\"elementor-toggle-item\">\n\t\t\t\t\t<div id=\"elementor-tab-title-2061\" class=\"elementor-tab-title\" data-tab=\"1\" role=\"button\" aria-controls=\"elementor-tab-content-2061\" aria-expanded=\"false\">\n\t\t\t\t\t\t\t\t\t\t\t\t<a class=\"elementor-toggle-title\" tabindex=\"0\">Criminal Law <\/a>\n\t\t\t\t\t<\/div>\n\n\t\t\t\t\t<div id=\"elementor-tab-content-2061\" class=\"elementor-tab-content elementor-clearfix\" data-tab=\"1\" role=\"region\" aria-labelledby=\"elementor-tab-title-2061\"><p>Our practice involves consulting and representing individuals, companies, and third sector organizations to defend their rights with solutions tailored to each client's needs.<strong>.\u200b<\/strong><\/p><p>We provide legal guidance for informed and strategic decision-making.<\/p><p>We represent our clients in all phases of the criminal process, from initial legal advice to advocacy before the Superior Courts.<\/p><p>In addition to criminal defense, we also act in favor of the victims' interests and in the protection of assets affected by criminal measures.<\/p><\/div>\n\t\t\t\t<\/div>\n\t\t\t\t\t\t\t<div class=\"elementor-toggle-item\">\n\t\t\t\t\t<div id=\"elementor-tab-title-2062\" class=\"elementor-tab-title\" data-tab=\"2\" role=\"button\" aria-controls=\"elementor-tab-content-2062\" aria-expanded=\"false\">\n\t\t\t\t\t\t\t\t\t\t\t\t<a class=\"elementor-toggle-title\" tabindex=\"0\">Digital Law<\/a>\n\t\t\t\t\t<\/div>\n\n\t\t\t\t\t<div id=\"elementor-tab-content-2062\" class=\"elementor-tab-content elementor-clearfix\" data-tab=\"2\" role=\"region\" aria-labelledby=\"elementor-tab-title-2062\"><p>We work in collaboration with the legal departments of national and international technology companies to define innovative strategies and manage risks, in line with the companies' internal principles and standards, and their economic activities.<\/p><p>We assist our clients in preparing responses to information requests made by Public Authorities, as well as in drafting formal requests for breaking confidentiality to support investigative procedures, with a thorough understanding of applicable legislation and the latest trends in the Courts.<\/p><p>We represent our clients in precautionary measures, criminal investigations, and criminal proceedings, ensuring transparent communication with Public Law Enforcement Authorities. <em>Law Enforcement.<\/em><\/p><\/div>\n\t\t\t\t<\/div>\n\t\t\t\t\t\t\t<div class=\"elementor-toggle-item\">\n\t\t\t\t\t<div id=\"elementor-tab-title-2063\" class=\"elementor-tab-title\" data-tab=\"3\" role=\"button\" aria-controls=\"elementor-tab-content-2063\" aria-expanded=\"false\">\n\t\t\t\t\t\t\t\t\t\t\t\t<a class=\"elementor-toggle-title\" tabindex=\"0\">Legal Opinions and Assessments<\/a>\n\t\t\t\t\t<\/div>\n\n\t\t\t\t\t<div id=\"elementor-tab-content-2063\" class=\"elementor-tab-content elementor-clearfix\" data-tab=\"3\" role=\"region\" aria-labelledby=\"elementor-tab-title-2063\"><p>We provide our clients with legal opinions and technical assessments on multidisciplinary matters with potential repercussions in the criminal sphere.<\/p><p>We work to provide clarity on possible impacts of legislative innovations and changes in court interpretations on ongoing cases, as well as in the market segments in which our clients operate.<\/p><p>We use our criminal law expertise to solve complex issues that may arise from demands in various areas of law, such as Environmental, Tax, Succession, among others.<\/p><p>We assist our clients in making informed and technical decisions based on national, foreign, and international regulations, and grounded in case law.<\/p><\/div>\n\t\t\t\t<\/div>\n\t\t\t\t\t\t\t<div class=\"elementor-toggle-item\">\n\t\t\t\t\t<div id=\"elementor-tab-title-2064\" class=\"elementor-tab-title\" data-tab=\"4\" role=\"button\" aria-controls=\"elementor-tab-content-2064\" aria-expanded=\"false\">\n\t\t\t\t\t\t\t\t\t\t\t\t<a class=\"elementor-toggle-title\" tabindex=\"0\">International Legal Cooperation<\/a>\n\t\t\t\t\t<\/div>\n\n\t\t\t\t\t<div id=\"elementor-tab-content-2064\" class=\"elementor-tab-content elementor-clearfix\" data-tab=\"4\" role=\"region\" aria-labelledby=\"elementor-tab-title-2064\"><p>We defend the interests of our clients in transnational matters before Brazilian authorities.<\/p><p>We represent clients in requests for mutual legal assistance in civil and criminal matters, proceedings for the granting of exequatur for letters rogatory, recognition of foreign judgments, transfer of convicted individuals, and extradition proceedings.<\/p><p>We provide legal guidance on the interpretation and application of foreign and international laws to prevent conflicts and resolve disputes.<\/p><\/div>\n\t\t\t\t<\/div>\n\t\t\t\t\t\t\t<div class=\"elementor-toggle-item\">\n\t\t\t\t\t<div id=\"elementor-tab-title-2065\" class=\"elementor-tab-title\" data-tab=\"5\" role=\"button\" aria-controls=\"elementor-tab-content-2065\" aria-expanded=\"false\">\n\t\t\t\t\t\t\t\t\t\t\t\t<a class=\"elementor-toggle-title\" tabindex=\"0\">Litigation Prevention, Negotiation, and Mediation<\/a>\n\t\t\t\t\t<\/div>\n\n\t\t\t\t\t<div id=\"elementor-tab-content-2065\" class=\"elementor-tab-content elementor-clearfix\" data-tab=\"5\" role=\"region\" aria-labelledby=\"elementor-tab-title-2065\"><p>We develop appropriate strategies for issues involving negotiation and mediation, focusing on the swift and effective resolution of disputes and conflicts.<\/p><p>Our team aims to reduce costs and maximize our clients' time through customized and innovative solutions.<\/p><\/div>\n\t\t\t\t<\/div>\n\t\t\t\t\t\t\t\t\t\t<script type=\"application\/ld+json\">{\"@context\":\"https:\\\/\\\/schema.org\",\"@type\":\"FAQPage\",\"mainEntity\":[{\"@type\":\"Question\",\"name\":\"Direito Penal\",\"acceptedAnswer\":{\"@type\":\"Answer\",\"text\":\"<p>Nossa atua\\u00e7\\u00e3o envolve a consultoria e a representa\\u00e7\\u00e3o de indiv\\u00edduos, empresas e organiza\\u00e7\\u00f5es do terceiro setor, para a defesa de seus direitos com solu\\u00e7\\u00f5es adequadas \\u00e0s demandas de cada cliente<strong>.\\u200b<\\\/strong><\\\/p><p>Oferecemos orienta\\u00e7\\u00e3o jur\\u00eddica para a tomada de decis\\u00f5es informadas e estrat\\u00e9gicas.<\\\/p><p>Representamos nossos clientes em todas as fases do processo penal, desde a assessoria jur\\u00eddica inicial at\\u00e9 a atua\\u00e7\\u00e3o perante os Tribunais Superiores.<\\\/p><p>Al\\u00e9m da defesa penal, tamb\\u00e9m atuamos em favor dos interesses das v\\u00edtimas e na tutela do patrim\\u00f4nio alcan\\u00e7ado por medidas criminais.<\\\/p>\"}},{\"@type\":\"Question\",\"name\":\"Direito Digital\",\"acceptedAnswer\":{\"@type\":\"Answer\",\"text\":\"<p>Atuamos em conjunto com setores jur\\u00eddicos de empresas nacionais e estrangeiras de tecnologia, para a defini\\u00e7\\u00e3o de estrat\\u00e9gias inovadoras e gerenciamento de riscos, em linha com os princ\\u00edpios e normas internas das companhias, e com as atividades econ\\u00f4micas exercidas.<\\\/p><p>Auxiliamos nossos clientes na prepara\\u00e7\\u00e3o de respostas a solicita\\u00e7\\u00f5es de informa\\u00e7\\u00f5es feitas por Autoridades P\\u00fablicas, bem como na elabora\\u00e7\\u00e3o de pedidos formais de quebra de sigilo para a instru\\u00e7\\u00e3o de procedimentos investigat\\u00f3rios, com dom\\u00ednio da legisla\\u00e7\\u00e3o aplic\\u00e1vel e das mais atualizadas tend\\u00eancias dos Tribunais.<\\\/p><p>Representamos nossos clientes em medidas cautelares, investiga\\u00e7\\u00f5es criminais e processos penais, assegurando a comunica\\u00e7\\u00e3o transparente com as Autoridades P\\u00fablicas de <em>Law Enforcement.<\\\/em><\\\/p>\"}},{\"@type\":\"Question\",\"name\":\"Pareceres e Opini\\u00f5es Legais\",\"acceptedAnswer\":{\"@type\":\"Answer\",\"text\":\"<p>Oferecemos aos nossos clientes opini\\u00f5es jur\\u00eddicas e pareceres t\\u00e9cnicos sobre mat\\u00e9rias multidisciplinares, com potencial repercuss\\u00e3o na esfera penal.<\\\/p><p>Atuamos para proporcionar esclarecimentos sobre poss\\u00edveis impactos de inova\\u00e7\\u00f5es legislativas e altera\\u00e7\\u00f5es dos entendimentos dos Tribunais em demandas em curso, bem como nos segmentos de mercados dos quais nossos clientes fazem parte.<\\\/p><p>Utilizamos o conhecimento jur\\u00eddico-penal para solucionar quest\\u00f5es complexas que podem advir de demandas oriundas de diversas \\u00e1reas do Direito, tais como Ambiental, Tribut\\u00e1rio, Sucess\\u00f3rio, dentre outros.<\\\/p><p>Auxiliamos nossos clientes a tomarem decis\\u00f5es informadas e t\\u00e9cnicas, com base na normativa nacional, estrangeira e internacional e pautadas na jurisprud\\u00eancia.<\\\/p>\"}},{\"@type\":\"Question\",\"name\":\"Coopera\\u00e7\\u00e3o jur\\u00eddica internacional\",\"acceptedAnswer\":{\"@type\":\"Answer\",\"text\":\"<p>Atuamos na defesa dos interesses de nossos clientes em demandas transnacionais, perante autoridades brasileiras.<\\\/p><p>Representamos os clientes em pedidos de assist\\u00eancia jur\\u00eddica m\\u00fatua c\\u00edveis e criminais, processos para a concess\\u00e3o de exequatur de cartas rogat\\u00f3rias, homologa\\u00e7\\u00e3o de senten\\u00e7as estrangeira e transfer\\u00eancia de pessoas condenadas, bem como em processos de extradi\\u00e7\\u00e3o.<\\\/p><p>Oferecemos orienta\\u00e7\\u00e3o jur\\u00eddica quanto \\u00e0 interpreta\\u00e7\\u00e3o e aplica\\u00e7\\u00e3o de normas estrangeiras e internacionais, de forma a prevenir conflitos e solucionar controv\\u00e9rsias.<\\\/p>\"}},{\"@type\":\"Question\",\"name\":\"Preven\\u00e7\\u00e3o de lit\\u00edgios, negocia\\u00e7\\u00e3o e media\\u00e7\\u00e3o\",\"acceptedAnswer\":{\"@type\":\"Answer\",\"text\":\"<p>Desenvolvemos estrat\\u00e9gias adequadas para quest\\u00f5es envolvendo negocia\\u00e7\\u00e3o e media\\u00e7\\u00e3o, com foco na resolu\\u00e7\\u00e3o de disputas e conflitos de forma \\u00e1gil e eficaz.<\\\/p><p>Nossa equipe busca, por meio solu\\u00e7\\u00f5es customizadas e inovadoras reduzir custos e maximizar o tempo de nossos clientes.<\\\/p>\"}}]}<\/script>\n\t\t\t\t\t<\/div>\n\t\t\t\t\t\t<\/div>\n\t\t\t\t<\/div>\n\t\t\t\t\t<\/div>\n\t\t<\/div>\n\t\t\t\t<div class=\"elementor-column elementor-col-50 elementor-top-column elementor-element elementor-element-8a5c795\" data-id=\"8a5c795\" data-element_type=\"column\">\n\t\t\t<div class=\"elementor-widget-wrap elementor-element-populated\">\n\t\t\t\t\t\t<div class=\"vamtam-has-theme-widget-styles elementor-element elementor-element-22c9957 elementor-widget elementor-widget-toggle\" data-id=\"22c9957\" data-element_type=\"widget\" data-widget_type=\"toggle.default\">\n\t\t\t\t<div class=\"elementor-widget-container\">\n\t\t\t\t\t\t\t<div class=\"elementor-toggle\">\n\t\t\t\t\t\t\t<div class=\"elementor-toggle-item\">\n\t\t\t\t\t<div id=\"elementor-tab-title-3641\" class=\"elementor-tab-title\" data-tab=\"1\" role=\"button\" aria-controls=\"elementor-tab-content-3641\" aria-expanded=\"false\">\n\t\t\t\t\t\t\t\t\t\t\t\t<a class=\"elementor-toggle-title\" tabindex=\"0\">Litigation\/Dispute Resolution<\/a>\n\t\t\t\t\t<\/div>\n\n\t\t\t\t\t<div id=\"elementor-tab-content-3641\" class=\"elementor-tab-content elementor-clearfix\" data-tab=\"1\" role=\"region\" aria-labelledby=\"elementor-tab-title-3641\"><p>Our team specializes in resolving strategic disputes, handling both judicial and extrajudicial litigation across the country.<\/p><p>We represent our clients in matters involving all branches of Civil and Business Law, such as civil liability, contract law, corporate law, and consumer law.<\/p><p>We seek individualized solutions tailored to each client's profile, always with a focus on achieving results.<\/p><\/div>\n\t\t\t\t<\/div>\n\t\t\t\t\t\t\t<div class=\"elementor-toggle-item\">\n\t\t\t\t\t<div id=\"elementor-tab-title-3642\" class=\"elementor-tab-title\" data-tab=\"2\" role=\"button\" aria-controls=\"elementor-tab-content-3642\" aria-expanded=\"false\">\n\t\t\t\t\t\t\t\t\t\t\t\t<a class=\"elementor-toggle-title\" tabindex=\"0\">Business Recovery and Bankruptcy.<\/a>\n\t\t\t\t\t<\/div>\n\n\t\t\t\t\t<div id=\"elementor-tab-content-3642\" class=\"elementor-tab-content elementor-clearfix\" data-tab=\"2\" role=\"region\" aria-labelledby=\"elementor-tab-title-3642\"><p>We develop individualized solutions for matters involving insolvency and debt restructuring, whether litigious, advisory, or transactional.<\/p><p>We represent creditors, debtors, shareholders, or investors in defending their interests.<\/p><p>We formulate plans and strategies for the recovery of companies in crisis, offering proactive solutions in cases of judicial and extrajudicial recovery, as well as bankruptcy, to create instruments for the preservation of business activity.<\/p><\/div>\n\t\t\t\t<\/div>\n\t\t\t\t\t\t\t<div class=\"elementor-toggle-item\">\n\t\t\t\t\t<div id=\"elementor-tab-title-3643\" class=\"elementor-tab-title\" data-tab=\"3\" role=\"button\" aria-controls=\"elementor-tab-content-3643\" aria-expanded=\"false\">\n\t\t\t\t\t\t\t\t\t\t\t\t<a class=\"elementor-toggle-title\" tabindex=\"0\">Asset Recovery<\/a>\n\t\t\t\t\t<\/div>\n\n\t\t\t\t\t<div id=\"elementor-tab-content-3643\" class=\"elementor-tab-content elementor-clearfix\" data-tab=\"3\" role=\"region\" aria-labelledby=\"elementor-tab-title-3643\"><p>We specialize in asset recovery and management, focusing on debt collection through judicial and extrajudicial means, delivering effective results for our clients.<\/p><p>We provide advisory services in the acquisition of assets, with <em>expertise<\/em> in investments involving contentious solutions, such as court-ordered payments, judicial or private arbitration credits, real estate assets, and equity stakes.<\/p><p>We represent our clients in requests for mutual legal assistance in civil matters aimed at asset recovery.<\/p><\/div>\n\t\t\t\t<\/div>\n\t\t\t\t\t\t\t<div class=\"elementor-toggle-item\">\n\t\t\t\t\t<div id=\"elementor-tab-title-3644\" class=\"elementor-tab-title\" data-tab=\"4\" role=\"button\" aria-controls=\"elementor-tab-content-3644\" aria-expanded=\"false\">\n\t\t\t\t\t\t\t\t\t\t\t\t<a class=\"elementor-toggle-title\" tabindex=\"0\">Succession\/Estate and Succession Planning<\/a>\n\t\t\t\t\t<\/div>\n\n\t\t\t\t\t<div id=\"elementor-tab-content-3644\" class=\"elementor-tab-content elementor-clearfix\" data-tab=\"4\" role=\"region\" aria-labelledby=\"elementor-tab-title-3644\"><p>We represent our clients in judicial and extrajudicial disputes involving Family and Succession Law, with confidentiality and sensitivity.<\/p><p>We take a preventive approach to asset organization and estate planning, aiming to avoid future litigation and reduce succession costs.<\/p><p>We provide our clients with comprehensive guidance and assistance in developing estate plans, organizing family assets, and planning the transfer of assets to heirs. Additionally, we facilitate the determination of asset division during the client's lifetime, ensuring a seamless and efficient process.<\/p><\/div>\n\t\t\t\t<\/div>\n\t\t\t\t\t\t\t<div class=\"elementor-toggle-item\">\n\t\t\t\t\t<div id=\"elementor-tab-title-3645\" class=\"elementor-tab-title\" data-tab=\"5\" role=\"button\" aria-controls=\"elementor-tab-content-3645\" aria-expanded=\"false\">\n\t\t\t\t\t\t\t\t\t\t\t\t<a class=\"elementor-toggle-title\" tabindex=\"0\">Business Law<\/a>\n\t\t\t\t\t<\/div>\n\n\t\t\t\t\t<div id=\"elementor-tab-content-3645\" class=\"elementor-tab-content elementor-clearfix\" data-tab=\"5\" role=\"region\" aria-labelledby=\"elementor-tab-title-3645\"><p>We handle corporate disputes in both judicial and administrative contexts, including negotiations and mediations.<\/p><p>We provide services of excellence to business entities in the pursuit of their activities, both in contentious and advisory capacities, across a wide range of demands.<\/p><p>Our team offers integrated solutions for companies and investors, aligned with the specificities and applicable regulations of each market.<\/p><\/div>\n\t\t\t\t<\/div>\n\t\t\t\t\t\t\t\t<\/div>\n\t\t\t\t\t\t<\/div>\n\t\t\t\t<\/div>\n\t\t\t\t\t<\/div>\n\t\t<\/div>\n\t\t\t\t\t<\/div>\n\t\t<\/section>\n\t\t\t\t<section class=\"elementor-section elementor-top-section elementor-element elementor-element-a813bbf elementor-section-boxed elementor-section-height-default elementor-section-height-default\" data-id=\"a813bbf\" data-element_type=\"section\" data-settings=\"{&quot;background_background&quot;:&quot;classic&quot;,&quot;animation&quot;:&quot;none&quot;}\">\n\t\t\t\t\t\t<div class=\"elementor-container elementor-column-gap-default\">\n\t\t\t\t\t<div class=\"elementor-column elementor-col-50 elementor-top-column elementor-element elementor-element-e9aab4d\" data-id=\"e9aab4d\" data-element_type=\"column\">\n\t\t\t<div class=\"elementor-widget-wrap elementor-element-populated\">\n\t\t\t\t\t\t<div class=\"vamtam-has-theme-widget-styles elementor-element elementor-element-5ecadb7 elementor-widget__width-auto vamtam-has-underline-anim elementor-widget elementor-widget-button\" data-id=\"5ecadb7\" data-element_type=\"widget\" data-widget_type=\"button.default\">\n\t\t\t\t<div class=\"elementor-widget-container\">\n\t\t\t\t\t\t\t\t\t<div class=\"elementor-button-wrapper\">\n\t\t\t\t\t<a class=\"elementor-button elementor-button-link elementor-size-sm\" href=\"https:\/\/draadvogados.com\/en\/equipe\/\">\n\t\t\t\t\t\t<span class=\"elementor-button-content-wrapper\">\n\t\t\t\t\t\t<span class=\"elementor-button-icon\">\n\t\t\t\t<i aria-hidden=\"true\" class=\"vamtamtheme- vamtam-theme-icon-arrow-right-top\"><\/i>\t\t\t<\/span>\n\t\t\t\t\t\t\t\t\t<span class=\"elementor-button-text\">Our team<\/span>\n\t\t\t\t\t<\/span>\n\t\t\t\t\t<\/a>\n\t\t\t\t<\/div>\n\t\t\t\t\t\t\t\t<\/div>\n\t\t\t\t<\/div>\n\t\t\t\t\t<\/div>\n\t\t<\/div>\n\t\t\t\t<div class=\"elementor-column elementor-col-50 elementor-top-column elementor-element elementor-element-1dc622d\" data-id=\"1dc622d\" data-element_type=\"column\">\n\t\t\t<div class=\"elementor-widget-wrap\">\n\t\t\t\t\t\t\t<\/div>\n\t\t<\/div>\n\t\t\t\t\t<\/div>\n\t\t<\/section>\n\t\t\t\t<\/div>","protected":false},"excerpt":{"rendered":"<p>\u00c1reas de atua\u00e7\u00e3o Direito Penal Nossa atua\u00e7\u00e3o envolve a consultoria e a representa\u00e7\u00e3o de indiv\u00edduos, empresas e organiza\u00e7\u00f5es do terceiro setor, para a defesa de seus direitos com solu\u00e7\u00f5es adequadas \u00e0s demandas de cada cliente.\u200b Oferecemos orienta\u00e7\u00e3o jur\u00eddica para a tomada de decis\u00f5es informadas e estrat\u00e9gicas. Representamos nossos clientes em todas as fases do processo&#8230;<\/p>","protected":false},"author":1,"featured_media":0,"parent":0,"menu_order":0,"comment_status":"closed","ping_status":"closed","template":"","meta":{"footnotes":""},"class_list":["post-987893","page","type-page","status-publish","hentry"],"_links":{"self":[{"href":"https:\/\/draadvogados.com\/en\/wp-json\/wp\/v2\/pages\/987893","targetHints":{"allow":["GET"]}}],"collection":[{"href":"https:\/\/draadvogados.com\/en\/wp-json\/wp\/v2\/pages"}],"about":[{"href":"https:\/\/draadvogados.com\/en\/wp-json\/wp\/v2\/types\/page"}],"author":[{"embeddable":true,"href":"https:\/\/draadvogados.com\/en\/wp-json\/wp\/v2\/users\/1"}],"replies":[{"embeddable":true,"href":"https:\/\/draadvogados.com\/en\/wp-json\/wp\/v2\/comments?post=987893"}],"version-history":[{"count":146,"href":"https:\/\/draadvogados.com\/en\/wp-json\/wp\/v2\/pages\/987893\/revisions"}],"predecessor-version":[{"id":989396,"href":"https:\/\/draadvogados.com\/en\/wp-json\/wp\/v2\/pages\/987893\/revisions\/989396"}],"wp:attachment":[{"href":"https:\/\/draadvogados.com\/en\/wp-json\/wp\/v2\/media?parent=987893"}],"curies":[{"name":"wp","href":"https:\/\/api.w.org\/{rel}","templated":true}]}}