{"id":988149,"date":"2023-08-23T12:41:05","date_gmt":"2023-08-23T12:41:05","guid":{"rendered":"https:\/\/liporaci.htech.eti.br\/?page_id=988149"},"modified":"2024-05-28T18:11:13","modified_gmt":"2024-05-28T18:11:13","slug":"jacqueline-viana","status":"publish","type":"page","link":"https:\/\/draadvogados.com\/en\/jacqueline-viana\/","title":{"rendered":"Jacqueline Viana"},"content":{"rendered":"<div data-elementor-type=\"wp-page\" data-elementor-id=\"988149\" class=\"elementor elementor-988149\" data-elementor-post-type=\"page\">\n\t\t\t\t\t\t<section class=\"elementor-section elementor-top-section elementor-element elementor-element-72b8b52 elementor-reverse-mobile elementor-section-boxed elementor-section-height-default elementor-section-height-default\" data-id=\"72b8b52\" data-element_type=\"section\">\n\t\t\t\t\t\t<div class=\"elementor-container elementor-column-gap-no\">\n\t\t\t\t\t<div class=\"elementor-column elementor-col-50 elementor-top-column elementor-element elementor-element-065eb65\" data-id=\"065eb65\" data-element_type=\"column\">\n\t\t\t<div class=\"elementor-widget-wrap elementor-element-populated\">\n\t\t\t\t\t\t<div class=\"elementor-element elementor-element-687c103 elementor-widget__width-initial elementor-widget elementor-widget-heading\" data-id=\"687c103\" data-element_type=\"widget\" data-widget_type=\"heading.default\">\n\t\t\t\t<div class=\"elementor-widget-container\">\n\t\t\t\t\t<h2 class=\"elementor-heading-title elementor-size-default\">Jacqueline Viana<\/h2>\t\t\t\t<\/div>\n\t\t\t\t<\/div>\n\t\t\t\t<div class=\"elementor-element elementor-element-afe59cb elementor-widget elementor-widget-text-editor\" data-id=\"afe59cb\" data-element_type=\"widget\" data-widget_type=\"text-editor.default\">\n\t\t\t\t<div class=\"elementor-widget-container\">\n\t\t\t\t\t\t\t\t\t<p>Attorney in the field of Dispute Resolution. She has worked in large law firms, focusing on Real Estate Law, Banking Law, and Consumer Law. She has experience in strategic civil litigation, special cases, and Repetitive Demand Resolution Incidents.<\/p><p class=\"translation-block\">Graduated from the Federal University of the State of Rio de Janeiro (UNIRIO). Postgraduate in Applied Public Law. <em>Nanodegree<\/em> in The Brazilian Civil Rights Framework for the Internet and the General Data Protection Law, from the Brazilian School of Law.<\/p><p>Languages: Portuguese, English, and Spanish.<\/p>\t\t\t\t\t\t\t\t<\/div>\n\t\t\t\t<\/div>\n\t\t\t\t<section class=\"elementor-section elementor-inner-section elementor-element elementor-element-a48fa52 elementor-section-boxed elementor-section-height-default elementor-section-height-default\" data-id=\"a48fa52\" data-element_type=\"section\">\n\t\t\t\t\t\t<div class=\"elementor-container elementor-column-gap-no\">\n\t\t\t\t\t<div class=\"elementor-column elementor-col-100 elementor-inner-column elementor-element elementor-element-8cdf1f0\" data-id=\"8cdf1f0\" data-element_type=\"column\">\n\t\t\t<div class=\"elementor-widget-wrap elementor-element-populated\">\n\t\t\t\t\t\t<div class=\"vamtam-has-theme-widget-styles elementor-element elementor-element-c107b3d elementor-widget__width-auto vamtam-has-underline-anim elementor-widget elementor-widget-button\" data-id=\"c107b3d\" data-element_type=\"widget\" data-widget_type=\"button.default\">\n\t\t\t\t<div class=\"elementor-widget-container\">\n\t\t\t\t\t\t\t\t\t<div class=\"elementor-button-wrapper\">\n\t\t\t\t\t<a class=\"elementor-button elementor-button-link elementor-size-sm\" href=\"https:\/\/draadvogados.com\/en\/contato\/\">\n\t\t\t\t\t\t<span class=\"elementor-button-content-wrapper\">\n\t\t\t\t\t\t<span class=\"elementor-button-icon\">\n\t\t\t\t<i aria-hidden=\"true\" class=\"vamtamtheme- vamtam-theme-icon-arrow-right-top\"><\/i>\t\t\t<\/span>\n\t\t\t\t\t\t\t\t\t<span class=\"elementor-button-text\">Contact us<\/span>\n\t\t\t\t\t<\/span>\n\t\t\t\t\t<\/a>\n\t\t\t\t<\/div>\n\t\t\t\t\t\t\t\t<\/div>\n\t\t\t\t<\/div>\n\t\t\t\t\t<\/div>\n\t\t<\/div>\n\t\t\t\t\t<\/div>\n\t\t<\/section>\n\t\t\t\t\t<\/div>\n\t\t<\/div>\n\t\t\t\t<div class=\"elementor-column elementor-col-50 elementor-top-column elementor-element elementor-element-366a82f\" data-id=\"366a82f\" data-element_type=\"column\">\n\t\t\t<div class=\"elementor-widget-wrap elementor-element-populated\">\n\t\t\t\t\t\t<div class=\"vamtam-has-theme-widget-styles elementor-element elementor-element-c9b9a87 elementor-widget elementor-widget-image\" data-id=\"c9b9a87\" data-element_type=\"widget\" data-settings=\"{&quot;sticky&quot;:&quot;top&quot;,&quot;sticky_on&quot;:[&quot;desktop&quot;,&quot;tablet&quot;],&quot;sticky_offset_tablet&quot;:65,&quot;sticky_parent&quot;:&quot;yes&quot;,&quot;sticky_offset&quot;:0,&quot;sticky_effects_offset&quot;:0}\" data-widget_type=\"image.default\">\n\t\t\t\t<div class=\"elementor-widget-container\">\n\t\t\t\t\t\t\t\t\t<div class=\"elementor-image\">\n\t\t\t\t\t\t\t\t\t\t\t\t\t\t\t\t\t\t\t\t\t<img fetchpriority=\"high\" decoding=\"async\" width=\"819\" height=\"1024\" src=\"https:\/\/draadvogados.com\/wp-content\/uploads\/2024\/05\/WhatsApp-Image-2024-05-23-at-15.18.08-2-819x1024.jpeg\" class=\"attachment-large size-large wp-image-989008\" alt=\"\" srcset=\"https:\/\/draadvogados.com\/wp-content\/uploads\/2024\/05\/WhatsApp-Image-2024-05-23-at-15.18.08-2-819x1024.jpeg 819w, https:\/\/draadvogados.com\/wp-content\/uploads\/2024\/05\/WhatsApp-Image-2024-05-23-at-15.18.08-2-240x300.jpeg 240w, https:\/\/draadvogados.com\/wp-content\/uploads\/2024\/05\/WhatsApp-Image-2024-05-23-at-15.18.08-2-768x960.jpeg 768w, https:\/\/draadvogados.com\/wp-content\/uploads\/2024\/05\/WhatsApp-Image-2024-05-23-at-15.18.08-2-1229x1536.jpeg 1229w, https:\/\/draadvogados.com\/wp-content\/uploads\/2024\/05\/WhatsApp-Image-2024-05-23-at-15.18.08-2.jpeg 1280w\" sizes=\"(max-width: 819px) 100vw, 819px\" \/>\t\t\t\t\t\t\t\t\t\t\t\t\t\t\t\t\t\t\t\t\t\t\t\t<\/div>\n\t\t\t\t\t\t\t\t<\/div>\n\t\t\t\t<\/div>\n\t\t\t\t\t<\/div>\n\t\t<\/div>\n\t\t\t\t\t<\/div>\n\t\t<\/section>\n\t\t\t\t<\/div>","protected":false},"excerpt":{"rendered":"<p>Jacqueline Viana Advogada na \u00e1rea de Resolu\u00e7\u00e3o de Conflitos. Atuou em grandes escrit\u00f3rios de advocacia, com foco em Direito Imobili\u00e1rio, Direito Banc\u00e1rio e Direito do Consumidor. Possui experi\u00eancia em contencioso c\u00edvel estrat\u00e9gico, causas especiais e Incidente de Resolu\u00e7\u00e3o de Demandas Repetitivas. Graduada pela Universidade Federal do Estado do Rio de Janeiro (UNIRIO). P\u00f3s-graduada em Direito&#8230;<\/p>","protected":false},"author":1,"featured_media":0,"parent":0,"menu_order":0,"comment_status":"closed","ping_status":"closed","template":"","meta":{"footnotes":""},"class_list":["post-988149","page","type-page","status-publish","hentry"],"_links":{"self":[{"href":"https:\/\/draadvogados.com\/en\/wp-json\/wp\/v2\/pages\/988149","targetHints":{"allow":["GET"]}}],"collection":[{"href":"https:\/\/draadvogados.com\/en\/wp-json\/wp\/v2\/pages"}],"about":[{"href":"https:\/\/draadvogados.com\/en\/wp-json\/wp\/v2\/types\/page"}],"author":[{"embeddable":true,"href":"https:\/\/draadvogados.com\/en\/wp-json\/wp\/v2\/users\/1"}],"replies":[{"embeddable":true,"href":"https:\/\/draadvogados.com\/en\/wp-json\/wp\/v2\/comments?post=988149"}],"version-history":[{"count":26,"href":"https:\/\/draadvogados.com\/en\/wp-json\/wp\/v2\/pages\/988149\/revisions"}],"predecessor-version":[{"id":989278,"href":"https:\/\/draadvogados.com\/en\/wp-json\/wp\/v2\/pages\/988149\/revisions\/989278"}],"wp:attachment":[{"href":"https:\/\/draadvogados.com\/en\/wp-json\/wp\/v2\/media?parent=988149"}],"curies":[{"name":"wp","href":"https:\/\/api.w.org\/{rel}","templated":true}]}}