{"id":988957,"date":"2024-05-22T17:42:43","date_gmt":"2024-05-22T17:42:43","guid":{"rendered":"https:\/\/gminfo.eti.br\/alvespereira\/?page_id=988957"},"modified":"2025-04-03T14:55:24","modified_gmt":"2025-04-03T14:55:24","slug":"daniel-ribeiro-da-silva-aguiar","status":"publish","type":"page","link":"https:\/\/draadvogados.com\/en\/daniel-ribeiro-da-silva-aguiar\/","title":{"rendered":"Daniel Ribeiro da Silva Aguiar"},"content":{"rendered":"<div data-elementor-type=\"wp-page\" data-elementor-id=\"988957\" class=\"elementor elementor-988957\" data-elementor-post-type=\"page\">\n\t\t\t\t\t\t<section class=\"elementor-section elementor-top-section elementor-element elementor-element-7b56f798 elementor-reverse-mobile elementor-section-boxed elementor-section-height-default elementor-section-height-default\" data-id=\"7b56f798\" data-element_type=\"section\">\n\t\t\t\t\t\t<div class=\"elementor-container elementor-column-gap-no\">\n\t\t\t\t\t<div class=\"elementor-column elementor-col-50 elementor-top-column elementor-element elementor-element-44a60e6a\" data-id=\"44a60e6a\" data-element_type=\"column\">\n\t\t\t<div class=\"elementor-widget-wrap elementor-element-populated\">\n\t\t\t\t\t\t<div class=\"elementor-element elementor-element-604831f5 elementor-widget__width-initial elementor-widget elementor-widget-heading\" data-id=\"604831f5\" data-element_type=\"widget\" data-widget_type=\"heading.default\">\n\t\t\t\t<div class=\"elementor-widget-container\">\n\t\t\t\t\t<h2 class=\"elementor-heading-title elementor-size-default\">Daniel Ribeiro da Silva Aguiar<\/h2>\t\t\t\t<\/div>\n\t\t\t\t<\/div>\n\t\t\t\t<div class=\"elementor-element elementor-element-8a1145b e-grid-align-left elementor-widget__width-initial elementor-shape-rounded elementor-grid-0 elementor-widget elementor-widget-social-icons\" data-id=\"8a1145b\" data-element_type=\"widget\" data-widget_type=\"social-icons.default\">\n\t\t\t\t<div class=\"elementor-widget-container\">\n\t\t\t\t\t\t\t<div class=\"elementor-social-icons-wrapper elementor-grid\">\n\t\t\t\t\t\t\t<span class=\"elementor-grid-item\">\n\t\t\t\t\t<a class=\"elementor-icon elementor-social-icon elementor-social-icon-linkedin elementor-repeater-item-4ccced5\" href=\"https:\/\/www.linkedin.com\/in\/daniel-aguiar-109036117\/%20\" target=\"_blank\">\n\t\t\t\t\t\t<span class=\"elementor-screen-only\">Linkedin<\/span>\n\t\t\t\t\t\t<i class=\"fab fa-linkedin\"><\/i>\t\t\t\t\t<\/a>\n\t\t\t\t<\/span>\n\t\t\t\t\t<\/div>\n\t\t\t\t\t\t<\/div>\n\t\t\t\t<\/div>\n\t\t\t\t<div class=\"elementor-element elementor-element-1b2c31ba elementor-widget elementor-widget-text-editor\" data-id=\"1b2c31ba\" data-element_type=\"widget\" data-widget_type=\"text-editor.default\">\n\t\t\t\t<div class=\"elementor-widget-container\">\n\t\t\t\t\t\t\t\t\t<p>Lawyer with over 10 years of experience in Criminal Law.<\/p><p>PhD and Master in Criminal Law from the Faculty of Law at the State University of Rio de Janeiro (UERJ), where he also earned his law degree. Postgraduate in Procedural Law from the Faculty of Law at the Fluminense Federal University (UFF). Extension in Criminal Sciences at Georg-August University G\u00f6ttingen, Germany.<\/p><p>Substitute Professor at the State University of Rio de Janeiro (UERJ), in the Criminal Legal Practice Center (2013).\u00a0<\/p><p>Professor of Postgraduate Courses in Law and Technology at the New Law Institute (2020), in Criminal Sciences (2018\/2024) and in Applied Intelligence (2020\/2024) at the School of Government of the Public Prosecutor's Office\/RJ, in Corporate Criminal Law and Complex Crime (2018\/2021) and in Economic Criminal Law (2023) at Ibmec\/RJ, and in Criminal Sciences at PUC-Rio (2023).<\/p><p>Professor of several extension courses at the Superior School of Advocacy\/RJ (2023).<\/p><p>Co-author of the books\u00a0<\/p><ul><li>Direito Penal e Processo Penal Contempor\u00e2neos: discuss\u00f5es a partir da Escola alem\u00e3 de Ci\u00eancias criminais na Universidade de G\u00f6ttingen &#8211; Editora D\u2019Pl\u00e1cido (2020).\u00a0<\/li><\/ul><ul><li>Regula\u00e7\u00e3o 4.0, Volume II &#8211; Editora Revista dos Tribunais (2020).\u00a0<\/li><\/ul><ul><li>Colabora\u00e7\u00e3o Premiada e Outros Acordos: An\u00e1lise sistem\u00e1tica e estudo cr\u00edtico &#8211; Editora Singular (2022).\u00a0<\/li><\/ul><ul><li>Elei\u00e7\u00f5es e Democracia na Era Digital &#8211; Editora Almedina (2022).\u00a0<\/li><\/ul><p>Member of the IAB (Brazilian Institute of Lawyers).\u00a0<\/p><p class=\"translation-block\">Member of the Legislative Affairs Committee (2022\/2024), the Cybercrime Committee (2022\/2024), and the Criminology Committee of the Brazilian Bar Association \u2013 Rio de Janeiro (2013\/2015).<\/p><p>Languages: Portuguese, English, and French.<\/p>\t\t\t\t\t\t\t\t<\/div>\n\t\t\t\t<\/div>\n\t\t\t\t<section class=\"elementor-section elementor-inner-section elementor-element elementor-element-2f3b4287 elementor-section-boxed elementor-section-height-default elementor-section-height-default\" data-id=\"2f3b4287\" data-element_type=\"section\">\n\t\t\t\t\t\t<div class=\"elementor-container elementor-column-gap-no\">\n\t\t\t\t\t<div class=\"elementor-column elementor-col-100 elementor-inner-column elementor-element elementor-element-12d88f0c\" data-id=\"12d88f0c\" data-element_type=\"column\">\n\t\t\t<div class=\"elementor-widget-wrap elementor-element-populated\">\n\t\t\t\t\t\t<div class=\"vamtam-has-theme-widget-styles elementor-element elementor-element-4c25fe02 elementor-widget__width-auto vamtam-has-underline-anim elementor-widget elementor-widget-button\" data-id=\"4c25fe02\" data-element_type=\"widget\" data-widget_type=\"button.default\">\n\t\t\t\t<div class=\"elementor-widget-container\">\n\t\t\t\t\t\t\t\t\t<div class=\"elementor-button-wrapper\">\n\t\t\t\t\t<a class=\"elementor-button elementor-button-link elementor-size-sm\" href=\"https:\/\/draadvogados.com\/en\/contato\/\">\n\t\t\t\t\t\t<span class=\"elementor-button-content-wrapper\">\n\t\t\t\t\t\t<span class=\"elementor-button-icon\">\n\t\t\t\t<i aria-hidden=\"true\" class=\"vamtamtheme- vamtam-theme-icon-arrow-right-top\"><\/i>\t\t\t<\/span>\n\t\t\t\t\t\t\t\t\t<span class=\"elementor-button-text\">Contact us<\/span>\n\t\t\t\t\t<\/span>\n\t\t\t\t\t<\/a>\n\t\t\t\t<\/div>\n\t\t\t\t\t\t\t\t<\/div>\n\t\t\t\t<\/div>\n\t\t\t\t\t<\/div>\n\t\t<\/div>\n\t\t\t\t\t<\/div>\n\t\t<\/section>\n\t\t\t\t\t<\/div>\n\t\t<\/div>\n\t\t\t\t<div class=\"elementor-column elementor-col-50 elementor-top-column elementor-element elementor-element-741cf6ed\" data-id=\"741cf6ed\" data-element_type=\"column\">\n\t\t\t<div class=\"elementor-widget-wrap elementor-element-populated\">\n\t\t\t\t\t\t<div class=\"vamtam-has-theme-widget-styles elementor-element elementor-element-57884550 elementor-widget elementor-widget-image\" data-id=\"57884550\" data-element_type=\"widget\" data-settings=\"{&quot;sticky&quot;:&quot;top&quot;,&quot;sticky_on&quot;:[&quot;desktop&quot;,&quot;tablet&quot;],&quot;sticky_offset_tablet&quot;:65,&quot;sticky_parent&quot;:&quot;yes&quot;,&quot;sticky_offset&quot;:0,&quot;sticky_effects_offset&quot;:0}\" data-widget_type=\"image.default\">\n\t\t\t\t<div class=\"elementor-widget-container\">\n\t\t\t\t\t\t\t\t\t<div class=\"elementor-image\">\n\t\t\t\t\t\t\t\t\t\t\t\t\t\t\t\t\t\t\t\t\t<img fetchpriority=\"high\" decoding=\"async\" width=\"819\" height=\"1024\" src=\"https:\/\/draadvogados.com\/wp-content\/uploads\/2024\/05\/WhatsApp-Image-2024-05-23-at-15.18.07-819x1024.jpeg\" class=\"attachment-large size-large wp-image-989005\" alt=\"\" srcset=\"https:\/\/draadvogados.com\/wp-content\/uploads\/2024\/05\/WhatsApp-Image-2024-05-23-at-15.18.07-819x1024.jpeg 819w, https:\/\/draadvogados.com\/wp-content\/uploads\/2024\/05\/WhatsApp-Image-2024-05-23-at-15.18.07-240x300.jpeg 240w, https:\/\/draadvogados.com\/wp-content\/uploads\/2024\/05\/WhatsApp-Image-2024-05-23-at-15.18.07-768x960.jpeg 768w, https:\/\/draadvogados.com\/wp-content\/uploads\/2024\/05\/WhatsApp-Image-2024-05-23-at-15.18.07-1229x1536.jpeg 1229w, https:\/\/draadvogados.com\/wp-content\/uploads\/2024\/05\/WhatsApp-Image-2024-05-23-at-15.18.07.jpeg 1280w\" sizes=\"(max-width: 819px) 100vw, 819px\" \/>\t\t\t\t\t\t\t\t\t\t\t\t\t\t\t\t\t\t\t\t\t\t\t\t<\/div>\n\t\t\t\t\t\t\t\t<\/div>\n\t\t\t\t<\/div>\n\t\t\t\t\t<\/div>\n\t\t<\/div>\n\t\t\t\t\t<\/div>\n\t\t<\/section>\n\t\t\t\t<\/div>","protected":false},"excerpt":{"rendered":"<p>Daniel Ribeiro da Silva Aguiar Linkedin Advogado com mais de 10 anos de experi\u00eancia na \u00e1rea do Direito Penal. Doutor e Mestre em Direito Penal, pela Faculdade de Direito da Universidade do Estado do Rio de Janeiro (UERJ), institui\u00e7\u00e3o em que tamb\u00e9m se graduou. P\u00f3s-graduado em Direito Processual, pela Faculdade de Direito da Universidade Federal&#8230;<\/p>","protected":false},"author":1,"featured_media":0,"parent":0,"menu_order":0,"comment_status":"closed","ping_status":"closed","template":"","meta":{"footnotes":""},"class_list":["post-988957","page","type-page","status-publish","hentry"],"_links":{"self":[{"href":"https:\/\/draadvogados.com\/en\/wp-json\/wp\/v2\/pages\/988957","targetHints":{"allow":["GET"]}}],"collection":[{"href":"https:\/\/draadvogados.com\/en\/wp-json\/wp\/v2\/pages"}],"about":[{"href":"https:\/\/draadvogados.com\/en\/wp-json\/wp\/v2\/types\/page"}],"author":[{"embeddable":true,"href":"https:\/\/draadvogados.com\/en\/wp-json\/wp\/v2\/users\/1"}],"replies":[{"embeddable":true,"href":"https:\/\/draadvogados.com\/en\/wp-json\/wp\/v2\/comments?post=988957"}],"version-history":[{"count":16,"href":"https:\/\/draadvogados.com\/en\/wp-json\/wp\/v2\/pages\/988957\/revisions"}],"predecessor-version":[{"id":989448,"href":"https:\/\/draadvogados.com\/en\/wp-json\/wp\/v2\/pages\/988957\/revisions\/989448"}],"wp:attachment":[{"href":"https:\/\/draadvogados.com\/en\/wp-json\/wp\/v2\/media?parent=988957"}],"curies":[{"name":"wp","href":"https:\/\/api.w.org\/{rel}","templated":true}]}}