{"id":988965,"date":"2024-05-22T17:43:55","date_gmt":"2024-05-22T17:43:55","guid":{"rendered":"https:\/\/gminfo.eti.br\/alvespereira\/?page_id=988965"},"modified":"2024-10-01T18:12:57","modified_gmt":"2024-10-01T18:12:57","slug":"rodrigo-jose-dos-santos-amaral","status":"publish","type":"page","link":"https:\/\/draadvogados.com\/en\/rodrigo-jose-dos-santos-amaral\/","title":{"rendered":"Rodrigo Jos\u00e9 dos Santos Amaral"},"content":{"rendered":"<div data-elementor-type=\"wp-page\" data-elementor-id=\"988965\" class=\"elementor elementor-988965\" data-elementor-post-type=\"page\">\n\t\t\t\t\t\t<section class=\"elementor-section elementor-top-section elementor-element elementor-element-7622e2e8 elementor-reverse-mobile elementor-section-boxed elementor-section-height-default elementor-section-height-default\" data-id=\"7622e2e8\" data-element_type=\"section\">\n\t\t\t\t\t\t<div class=\"elementor-container elementor-column-gap-no\">\n\t\t\t\t\t<div class=\"elementor-column elementor-col-50 elementor-top-column elementor-element elementor-element-7a9d9996\" data-id=\"7a9d9996\" data-element_type=\"column\">\n\t\t\t<div class=\"elementor-widget-wrap elementor-element-populated\">\n\t\t\t\t\t\t<div class=\"elementor-element elementor-element-10c40713 elementor-widget__width-initial elementor-widget elementor-widget-heading\" data-id=\"10c40713\" data-element_type=\"widget\" data-widget_type=\"heading.default\">\n\t\t\t\t<div class=\"elementor-widget-container\">\n\t\t\t\t\t<h2 class=\"elementor-heading-title elementor-size-default\">Rodrigo Jos\u00e9 dos Santos Amaral\n<\/h2>\t\t\t\t<\/div>\n\t\t\t\t<\/div>\n\t\t\t\t<div class=\"elementor-element elementor-element-23080567 e-grid-align-left elementor-widget__width-initial elementor-shape-rounded elementor-grid-0 elementor-widget elementor-widget-social-icons\" data-id=\"23080567\" data-element_type=\"widget\" data-widget_type=\"social-icons.default\">\n\t\t\t\t<div class=\"elementor-widget-container\">\n\t\t\t\t\t\t\t<div class=\"elementor-social-icons-wrapper elementor-grid\">\n\t\t\t\t\t\t\t<span class=\"elementor-grid-item\">\n\t\t\t\t\t<a class=\"elementor-icon elementor-social-icon elementor-social-icon-linkedin elementor-repeater-item-4ccced5\" href=\"https:\/\/www.linkedin.com\/in\/rodrigo-amaral-criminalista\/%20\" target=\"_blank\">\n\t\t\t\t\t\t<span class=\"elementor-screen-only\">Linkedin<\/span>\n\t\t\t\t\t\t<i class=\"fab fa-linkedin\"><\/i>\t\t\t\t\t<\/a>\n\t\t\t\t<\/span>\n\t\t\t\t\t<\/div>\n\t\t\t\t\t\t<\/div>\n\t\t\t\t<\/div>\n\t\t\t\t<div class=\"elementor-element elementor-element-1eac761a elementor-widget elementor-widget-text-editor\" data-id=\"1eac761a\" data-element_type=\"widget\" data-widget_type=\"text-editor.default\">\n\t\t\t\t<div class=\"elementor-widget-container\">\n\t\t\t\t\t\t\t\t\t<p>Lawyer specializing in Criminal Law.<br \/><br \/>Lawyer in the area of Criminal Law. PhD candidate in Criminal Law from the Faculty of Law of the State University of Rio de Janeiro (UERJ), with a research period at Humboldt Universit\u00e4t zu Berlin. Master in Criminal Law (2020) and Postgraduate degree  in Criminal Sciences and Public Security (2018) from the same institution.<\/p><p>Professor of Postgraduate Courses in Economic Criminal Law at Ibmec\/RJ (2023) and in Criminal Law and Procedure at EMERJ (2023).<\/p><p>Guest Professor at NEDPP of the Federal University of Bahia (UFBA), coordinating the Course on Crime Theory (2023). Also invited to teach at the Course on Crime Theory of the Academic League of Criminal Sciences of UNIRIO (2022) and at the Holiday Course on Objective Imputation Theory of the Academic League of Criminal Sciences of FND\/UFRJ (2021).<\/p><p>Author of several publications in specialized journals. Co-author of the books:\u00a0<\/p><ul><li>Estudos em Homenagem a Trist\u00e3o Fernandes &#8211; Lumen Juris (2019)<\/li><li>Direito Penal em Foco &#8211; ebook &#8211; JOTA (2021)<\/li><li>Legisla\u00e7\u00e3o Penal Especial &#8211; Editora D\u2019Pl\u00e1cido (2021)<\/li><li>Criminalidade Econ\u00f4mica e Empresarial &#8211; Tirant lo Blanch (2022)<\/li><\/ul><p>Languages: Portuguese and English.<\/p>\t\t\t\t\t\t\t\t<\/div>\n\t\t\t\t<\/div>\n\t\t\t\t<section class=\"elementor-section elementor-inner-section elementor-element elementor-element-f6ca580 elementor-section-boxed elementor-section-height-default elementor-section-height-default\" data-id=\"f6ca580\" data-element_type=\"section\">\n\t\t\t\t\t\t<div class=\"elementor-container elementor-column-gap-no\">\n\t\t\t\t\t<div class=\"elementor-column elementor-col-100 elementor-inner-column elementor-element elementor-element-7266be30\" data-id=\"7266be30\" data-element_type=\"column\">\n\t\t\t<div class=\"elementor-widget-wrap elementor-element-populated\">\n\t\t\t\t\t\t<div class=\"vamtam-has-theme-widget-styles elementor-element elementor-element-44e3004f elementor-widget__width-auto vamtam-has-underline-anim elementor-widget elementor-widget-button\" data-id=\"44e3004f\" data-element_type=\"widget\" data-widget_type=\"button.default\">\n\t\t\t\t<div class=\"elementor-widget-container\">\n\t\t\t\t\t\t\t\t\t<div class=\"elementor-button-wrapper\">\n\t\t\t\t\t<a class=\"elementor-button elementor-button-link elementor-size-sm\" href=\"https:\/\/draadvogados.com\/en\/contato\/\">\n\t\t\t\t\t\t<span class=\"elementor-button-content-wrapper\">\n\t\t\t\t\t\t<span class=\"elementor-button-icon\">\n\t\t\t\t<i aria-hidden=\"true\" class=\"vamtamtheme- vamtam-theme-icon-arrow-right-top\"><\/i>\t\t\t<\/span>\n\t\t\t\t\t\t\t\t\t<span class=\"elementor-button-text\">Contact us<\/span>\n\t\t\t\t\t<\/span>\n\t\t\t\t\t<\/a>\n\t\t\t\t<\/div>\n\t\t\t\t\t\t\t\t<\/div>\n\t\t\t\t<\/div>\n\t\t\t\t\t<\/div>\n\t\t<\/div>\n\t\t\t\t\t<\/div>\n\t\t<\/section>\n\t\t\t\t\t<\/div>\n\t\t<\/div>\n\t\t\t\t<div class=\"elementor-column elementor-col-50 elementor-top-column elementor-element elementor-element-1152272e\" data-id=\"1152272e\" data-element_type=\"column\">\n\t\t\t<div class=\"elementor-widget-wrap elementor-element-populated\">\n\t\t\t\t\t\t<div class=\"vamtam-has-theme-widget-styles elementor-element elementor-element-7cb76bc7 elementor-widget elementor-widget-image\" data-id=\"7cb76bc7\" data-element_type=\"widget\" data-settings=\"{&quot;sticky&quot;:&quot;top&quot;,&quot;sticky_on&quot;:[&quot;desktop&quot;,&quot;tablet&quot;],&quot;sticky_offset_tablet&quot;:65,&quot;sticky_parent&quot;:&quot;yes&quot;,&quot;sticky_offset&quot;:0,&quot;sticky_effects_offset&quot;:0}\" data-widget_type=\"image.default\">\n\t\t\t\t<div class=\"elementor-widget-container\">\n\t\t\t\t\t\t\t\t\t<div class=\"elementor-image\">\n\t\t\t\t\t\t\t\t\t\t\t\t\t\t\t\t\t\t\t\t\t<img fetchpriority=\"high\" decoding=\"async\" width=\"819\" height=\"1024\" src=\"https:\/\/draadvogados.com\/wp-content\/uploads\/2024\/05\/WhatsApp-Image-2024-05-23-at-15.18.08-1-819x1024.jpeg\" class=\"attachment-large size-large wp-image-989007\" alt=\"\" srcset=\"https:\/\/draadvogados.com\/wp-content\/uploads\/2024\/05\/WhatsApp-Image-2024-05-23-at-15.18.08-1-819x1024.jpeg 819w, https:\/\/draadvogados.com\/wp-content\/uploads\/2024\/05\/WhatsApp-Image-2024-05-23-at-15.18.08-1-240x300.jpeg 240w, https:\/\/draadvogados.com\/wp-content\/uploads\/2024\/05\/WhatsApp-Image-2024-05-23-at-15.18.08-1-768x960.jpeg 768w, https:\/\/draadvogados.com\/wp-content\/uploads\/2024\/05\/WhatsApp-Image-2024-05-23-at-15.18.08-1-1229x1536.jpeg 1229w, https:\/\/draadvogados.com\/wp-content\/uploads\/2024\/05\/WhatsApp-Image-2024-05-23-at-15.18.08-1.jpeg 1280w\" sizes=\"(max-width: 819px) 100vw, 819px\" \/>\t\t\t\t\t\t\t\t\t\t\t\t\t\t\t\t\t\t\t\t\t\t\t\t<\/div>\n\t\t\t\t\t\t\t\t<\/div>\n\t\t\t\t<\/div>\n\t\t\t\t\t<\/div>\n\t\t<\/div>\n\t\t\t\t\t<\/div>\n\t\t<\/section>\n\t\t\t\t<\/div>","protected":false},"excerpt":{"rendered":"<p>Rodrigo Jos\u00e9 dos Santos Amaral Linkedin Advogado na \u00e1rea do Direito Penal. Doutorando em Direito Penal, pela Faculdade de Direito da Universidade do Estado do Rio de Janeiro (UERJ), com per\u00edodo de pesquisa na Humboldt Universit\u00e4t zu Berlin. Mestre em Direito Penal (2020) e P\u00f3s-graduado em Ci\u00eancias Criminais e Seguran\u00e7a P\u00fablica (2018) pela mesma institui\u00e7\u00e3o&#8230;.<\/p>","protected":false},"author":1,"featured_media":0,"parent":0,"menu_order":0,"comment_status":"closed","ping_status":"closed","template":"","meta":{"footnotes":""},"class_list":["post-988965","page","type-page","status-publish","hentry"],"_links":{"self":[{"href":"https:\/\/draadvogados.com\/en\/wp-json\/wp\/v2\/pages\/988965","targetHints":{"allow":["GET"]}}],"collection":[{"href":"https:\/\/draadvogados.com\/en\/wp-json\/wp\/v2\/pages"}],"about":[{"href":"https:\/\/draadvogados.com\/en\/wp-json\/wp\/v2\/types\/page"}],"author":[{"embeddable":true,"href":"https:\/\/draadvogados.com\/en\/wp-json\/wp\/v2\/users\/1"}],"replies":[{"embeddable":true,"href":"https:\/\/draadvogados.com\/en\/wp-json\/wp\/v2\/comments?post=988965"}],"version-history":[{"count":19,"href":"https:\/\/draadvogados.com\/en\/wp-json\/wp\/v2\/pages\/988965\/revisions"}],"predecessor-version":[{"id":989433,"href":"https:\/\/draadvogados.com\/en\/wp-json\/wp\/v2\/pages\/988965\/revisions\/989433"}],"wp:attachment":[{"href":"https:\/\/draadvogados.com\/en\/wp-json\/wp\/v2\/media?parent=988965"}],"curies":[{"name":"wp","href":"https:\/\/api.w.org\/{rel}","templated":true}]}}