{"id":989069,"date":"2024-05-23T21:10:49","date_gmt":"2024-05-23T21:10:49","guid":{"rendered":"https:\/\/gminfo.eti.br\/alvespereira\/?page_id=989069"},"modified":"2024-05-27T16:49:08","modified_gmt":"2024-05-27T16:49:08","slug":"livros","status":"publish","type":"page","link":"https:\/\/draadvogados.com\/en\/livros\/","title":{"rendered":"Books"},"content":{"rendered":"<div data-elementor-type=\"wp-page\" data-elementor-id=\"989069\" class=\"elementor elementor-989069\" data-elementor-post-type=\"page\">\n\t\t\t\t\t\t<section class=\"elementor-section elementor-top-section elementor-element elementor-element-01369c2 elementor-section-height-min-height elementor-section-boxed elementor-section-height-default elementor-section-items-middle\" data-id=\"01369c2\" data-element_type=\"section\" data-settings=\"{&quot;background_background&quot;:&quot;classic&quot;}\">\n\t\t\t\t\t\t\t<div class=\"elementor-background-overlay\"><\/div>\n\t\t\t\t\t\t\t<div class=\"elementor-container elementor-column-gap-no\">\n\t\t\t\t\t<div class=\"elementor-column elementor-col-100 elementor-top-column elementor-element elementor-element-82307d8\" data-id=\"82307d8\" data-element_type=\"column\">\n\t\t\t<div class=\"elementor-widget-wrap elementor-element-populated\">\n\t\t\t\t\t\t<div class=\"elementor-element elementor-element-b6e8de6 elementor-widget elementor-widget-heading\" data-id=\"b6e8de6\" data-element_type=\"widget\" data-widget_type=\"heading.default\">\n\t\t\t\t<div class=\"elementor-widget-container\">\n\t\t\t\t\t<h1 class=\"elementor-heading-title elementor-size-default\">Books<\/h1>\t\t\t\t<\/div>\n\t\t\t\t<\/div>\n\t\t\t\t\t<\/div>\n\t\t<\/div>\n\t\t\t\t\t<\/div>\n\t\t<\/section>\n\t\t<div class=\"elementor-element elementor-element-f6a5f40 e-flex e-con-boxed e-con e-parent\" data-id=\"f6a5f40\" data-element_type=\"container\">\n\t\t\t\t\t<div class=\"e-con-inner\">\n\t\t<div class=\"elementor-element elementor-element-dc02a64 e-flex e-con-boxed e-con e-child\" data-id=\"dc02a64\" data-element_type=\"container\">\n\t\t\t\t\t<div class=\"e-con-inner\">\n\t\t\t\t<div class=\"elementor-element elementor-element-dc56fe7 elementor-position-left elementor-vertical-align-top elementor-widget elementor-widget-image-box\" data-id=\"dc56fe7\" data-element_type=\"widget\" data-widget_type=\"image-box.default\">\n\t\t\t\t<div class=\"elementor-widget-container\">\n\t\t\t\t\t<div class=\"elementor-image-box-wrapper\"><figure class=\"elementor-image-box-img\"><img fetchpriority=\"high\" decoding=\"async\" width=\"1047\" height=\"1500\" src=\"https:\/\/draadvogados.com\/wp-content\/uploads\/2024\/05\/Livro-1.jpg\" class=\"attachment-full size-full wp-image-989075\" alt=\"\" srcset=\"https:\/\/draadvogados.com\/wp-content\/uploads\/2024\/05\/Livro-1.jpg 1047w, https:\/\/draadvogados.com\/wp-content\/uploads\/2024\/05\/Livro-1-209x300.jpg 209w, https:\/\/draadvogados.com\/wp-content\/uploads\/2024\/05\/Livro-1-715x1024.jpg 715w, https:\/\/draadvogados.com\/wp-content\/uploads\/2024\/05\/Livro-1-768x1100.jpg 768w\" sizes=\"(max-width: 1047px) 100vw, 1047px\" \/><\/figure><div class=\"elementor-image-box-content\"><h3 class=\"elementor-image-box-title\">Elei\u00e7\u00f5es e Democracia na era Digital<br>Editora Almedina<\/h3><p class=\"elementor-image-box-description\"><i>Coautores<\/i><br>Daniel Ribeiro da Silva Aguiar e Maria Eduarda M. da Costa Barros Concesi<\/p><\/div><\/div>\t\t\t\t<\/div>\n\t\t\t\t<\/div>\n\t\t\t\t\t<\/div>\n\t\t\t\t<\/div>\n\t\t<div class=\"elementor-element elementor-element-8c78ab6 e-flex e-con-boxed e-con e-child\" data-id=\"8c78ab6\" data-element_type=\"container\">\n\t\t\t\t\t<div class=\"e-con-inner\">\n\t\t\t\t<div class=\"elementor-element elementor-element-a0deb9d elementor-position-left elementor-vertical-align-top elementor-widget elementor-widget-image-box\" data-id=\"a0deb9d\" data-element_type=\"widget\" data-widget_type=\"image-box.default\">\n\t\t\t\t<div class=\"elementor-widget-container\">\n\t\t\t\t\t<div class=\"elementor-image-box-wrapper\"><figure class=\"elementor-image-box-img\"><img decoding=\"async\" width=\"1038\" height=\"1500\" src=\"https:\/\/draadvogados.com\/wp-content\/uploads\/2024\/05\/Livro-2.jpg\" class=\"attachment-full size-full wp-image-989076\" alt=\"\" srcset=\"https:\/\/draadvogados.com\/wp-content\/uploads\/2024\/05\/Livro-2.jpg 1038w, https:\/\/draadvogados.com\/wp-content\/uploads\/2024\/05\/Livro-2-208x300.jpg 208w, https:\/\/draadvogados.com\/wp-content\/uploads\/2024\/05\/Livro-2-709x1024.jpg 709w, https:\/\/draadvogados.com\/wp-content\/uploads\/2024\/05\/Livro-2-768x1110.jpg 768w\" sizes=\"(max-width: 1038px) 100vw, 1038px\" \/><\/figure><div class=\"elementor-image-box-content\"><h3 class=\"elementor-image-box-title\">Criminalidade Econ\u00f4mica e Empresarial: Escritos em Homenagem ao Professor Artur Gueiros<br>EDITORA Tirant Lo Blanch<\/h3><p class=\"elementor-image-box-description\"><i>Coautor<\/i><br>Rodrigo Jos\u00e9 dos Santos Amaral<\/p><\/div><\/div>\t\t\t\t<\/div>\n\t\t\t\t<\/div>\n\t\t\t\t\t<\/div>\n\t\t\t\t<\/div>\n\t\t\t\t\t<\/div>\n\t\t\t\t<\/div>\n\t\t<div class=\"elementor-element elementor-element-dcef641 e-flex e-con-boxed e-con e-parent\" data-id=\"dcef641\" data-element_type=\"container\">\n\t\t\t\t\t<div class=\"e-con-inner\">\n\t\t<div class=\"elementor-element elementor-element-1bad873 e-flex e-con-boxed e-con e-child\" data-id=\"1bad873\" data-element_type=\"container\">\n\t\t\t\t\t<div class=\"e-con-inner\">\n\t\t\t\t<div class=\"elementor-element elementor-element-9009d30 elementor-position-left elementor-vertical-align-top elementor-widget elementor-widget-image-box\" data-id=\"9009d30\" data-element_type=\"widget\" data-widget_type=\"image-box.default\">\n\t\t\t\t<div class=\"elementor-widget-container\">\n\t\t\t\t\t<div class=\"elementor-image-box-wrapper\"><figure class=\"elementor-image-box-img\"><img decoding=\"async\" width=\"1052\" height=\"1500\" src=\"https:\/\/draadvogados.com\/wp-content\/uploads\/2024\/05\/Livro-3.jpg\" class=\"attachment-full size-full wp-image-989077\" alt=\"\" srcset=\"https:\/\/draadvogados.com\/wp-content\/uploads\/2024\/05\/Livro-3.jpg 1052w, https:\/\/draadvogados.com\/wp-content\/uploads\/2024\/05\/Livro-3-210x300.jpg 210w, https:\/\/draadvogados.com\/wp-content\/uploads\/2024\/05\/Livro-3-718x1024.jpg 718w, https:\/\/draadvogados.com\/wp-content\/uploads\/2024\/05\/Livro-3-768x1095.jpg 768w\" sizes=\"(max-width: 1052px) 100vw, 1052px\" \/><\/figure><div class=\"elementor-image-box-content\"><h3 class=\"elementor-image-box-title\">Colabora\u00e7\u00e3o Premiada e Outros Acordos: An\u00e1lise sistem\u00e1tica e estudo cr\u00edtico<br>EDITORA Singular<\/h3><p class=\"elementor-image-box-description\"><i>Coautores<\/i><br>Daniel Ribeiro da Silva Aguiar e Maria Eduarda M. da Costa Barros Concesi<\/p><\/div><\/div>\t\t\t\t<\/div>\n\t\t\t\t<\/div>\n\t\t\t\t\t<\/div>\n\t\t\t\t<\/div>\n\t\t<div class=\"elementor-element elementor-element-31030b9 e-flex e-con-boxed e-con e-child\" data-id=\"31030b9\" data-element_type=\"container\">\n\t\t\t\t\t<div class=\"e-con-inner\">\n\t\t\t\t<div class=\"elementor-element elementor-element-7c8831c elementor-position-left elementor-vertical-align-top elementor-widget elementor-widget-image-box\" data-id=\"7c8831c\" data-element_type=\"widget\" data-widget_type=\"image-box.default\">\n\t\t\t\t<div class=\"elementor-widget-container\">\n\t\t\t\t\t<div class=\"elementor-image-box-wrapper\"><figure class=\"elementor-image-box-img\"><img loading=\"lazy\" decoding=\"async\" width=\"682\" height=\"1000\" src=\"https:\/\/draadvogados.com\/wp-content\/uploads\/2024\/05\/Livro-4.jpg\" class=\"attachment-full size-full wp-image-989078\" alt=\"\" srcset=\"https:\/\/draadvogados.com\/wp-content\/uploads\/2024\/05\/Livro-4.jpg 682w, https:\/\/draadvogados.com\/wp-content\/uploads\/2024\/05\/Livro-4-205x300.jpg 205w\" sizes=\"(max-width: 682px) 100vw, 682px\" \/><\/figure><div class=\"elementor-image-box-content\"><h3 class=\"elementor-image-box-title\">Legisla\u00e7\u00e3o Penal Especial<br>Editora D\u2019Pl\u00e1cido<\/h3><p class=\"elementor-image-box-description\"><i>Coautor<\/i><br>Rodrigo Jos\u00e9 dos Santos Amaral<\/p><\/div><\/div>\t\t\t\t<\/div>\n\t\t\t\t<\/div>\n\t\t\t\t\t<\/div>\n\t\t\t\t<\/div>\n\t\t\t\t\t<\/div>\n\t\t\t\t<\/div>\n\t\t<div class=\"elementor-element elementor-element-8f192ce e-flex e-con-boxed e-con e-parent\" data-id=\"8f192ce\" data-element_type=\"container\">\n\t\t\t\t\t<div class=\"e-con-inner\">\n\t\t<div class=\"elementor-element elementor-element-3dbbfbb e-flex e-con-boxed e-con e-child\" data-id=\"3dbbfbb\" data-element_type=\"container\">\n\t\t\t\t\t<div class=\"e-con-inner\">\n\t\t\t\t<div class=\"elementor-element elementor-element-2cf7d10 elementor-position-left elementor-vertical-align-top elementor-widget elementor-widget-image-box\" data-id=\"2cf7d10\" data-element_type=\"widget\" data-widget_type=\"image-box.default\">\n\t\t\t\t<div class=\"elementor-widget-container\">\n\t\t\t\t\t<div class=\"elementor-image-box-wrapper\"><figure class=\"elementor-image-box-img\"><img loading=\"lazy\" decoding=\"async\" width=\"612\" height=\"868\" src=\"https:\/\/draadvogados.com\/wp-content\/uploads\/2024\/05\/Livro-5.jpg\" class=\"attachment-full size-full wp-image-989079\" alt=\"\" srcset=\"https:\/\/draadvogados.com\/wp-content\/uploads\/2024\/05\/Livro-5.jpg 612w, https:\/\/draadvogados.com\/wp-content\/uploads\/2024\/05\/Livro-5-212x300.jpg 212w\" sizes=\"(max-width: 612px) 100vw, 612px\" \/><\/figure><div class=\"elementor-image-box-content\"><h3 class=\"elementor-image-box-title\">Direito Penal em Foco<br>EDITORA Jota<\/h3><p class=\"elementor-image-box-description\"><i>Coautor<\/i><br>Rodrigo Jos\u00e9 dos Santos Amaral<\/p><\/div><\/div>\t\t\t\t<\/div>\n\t\t\t\t<\/div>\n\t\t\t\t\t<\/div>\n\t\t\t\t<\/div>\n\t\t<div class=\"elementor-element elementor-element-0edba2e e-flex e-con-boxed e-con e-child\" data-id=\"0edba2e\" data-element_type=\"container\">\n\t\t\t\t\t<div class=\"e-con-inner\">\n\t\t\t\t<div class=\"elementor-element elementor-element-da2e064 elementor-position-left elementor-vertical-align-top elementor-widget elementor-widget-image-box\" data-id=\"da2e064\" data-element_type=\"widget\" data-widget_type=\"image-box.default\">\n\t\t\t\t<div class=\"elementor-widget-container\">\n\t\t\t\t\t<div class=\"elementor-image-box-wrapper\"><figure class=\"elementor-image-box-img\"><img loading=\"lazy\" decoding=\"async\" width=\"752\" height=\"1200\" src=\"https:\/\/draadvogados.com\/wp-content\/uploads\/2024\/05\/Livro-6.jpg\" class=\"attachment-full size-full wp-image-989080\" alt=\"\" srcset=\"https:\/\/draadvogados.com\/wp-content\/uploads\/2024\/05\/Livro-6.jpg 752w, https:\/\/draadvogados.com\/wp-content\/uploads\/2024\/05\/Livro-6-188x300.jpg 188w, https:\/\/draadvogados.com\/wp-content\/uploads\/2024\/05\/Livro-6-642x1024.jpg 642w\" sizes=\"(max-width: 752px) 100vw, 752px\" \/><\/figure><div class=\"elementor-image-box-content\"><h3 class=\"elementor-image-box-title\">Regula\u00e7\u00e3o 4.0, Volume II <br>Editora Revista dos Tribunais<\/h3><p class=\"elementor-image-box-description\"><i>Coautores<\/i><br>Daniel Ribeiro da Silva Aguiar e Maria Eduarda M. da Costa Barros Concesi<\/p><\/div><\/div>\t\t\t\t<\/div>\n\t\t\t\t<\/div>\n\t\t\t\t\t<\/div>\n\t\t\t\t<\/div>\n\t\t\t\t\t<\/div>\n\t\t\t\t<\/div>\n\t\t<div class=\"elementor-element elementor-element-a966cc8 e-flex e-con-boxed e-con e-parent\" data-id=\"a966cc8\" data-element_type=\"container\">\n\t\t\t\t\t<div class=\"e-con-inner\">\n\t\t<div class=\"elementor-element elementor-element-0b97f46 e-flex e-con-boxed e-con e-child\" data-id=\"0b97f46\" data-element_type=\"container\">\n\t\t\t\t\t<div class=\"e-con-inner\">\n\t\t\t\t<div class=\"elementor-element elementor-element-05efebe elementor-position-left elementor-vertical-align-top elementor-widget elementor-widget-image-box\" data-id=\"05efebe\" data-element_type=\"widget\" data-widget_type=\"image-box.default\">\n\t\t\t\t<div class=\"elementor-widget-container\">\n\t\t\t\t\t<div class=\"elementor-image-box-wrapper\"><figure class=\"elementor-image-box-img\"><img loading=\"lazy\" decoding=\"async\" width=\"698\" height=\"1000\" src=\"https:\/\/draadvogados.com\/wp-content\/uploads\/2024\/05\/Livro-7.jpg\" class=\"attachment-full size-full wp-image-989081\" alt=\"\" srcset=\"https:\/\/draadvogados.com\/wp-content\/uploads\/2024\/05\/Livro-7.jpg 698w, https:\/\/draadvogados.com\/wp-content\/uploads\/2024\/05\/Livro-7-209x300.jpg 209w\" sizes=\"(max-width: 698px) 100vw, 698px\" \/><\/figure><div class=\"elementor-image-box-content\"><h3 class=\"elementor-image-box-title\">Direito Penal e Processo Penal Contempor\u00e2neos: discuss\u00f5es a partir da Escola alem\u00e3 de Ci\u00eancias criminais na Universidade de G\u00f6ttingen <br>Editora D\u2019Pl\u00e1cido<\/h3><p class=\"elementor-image-box-description\"><i>Coautor<\/i><br>Daniel Ribeiro da Silva Aguiar<\/p><\/div><\/div>\t\t\t\t<\/div>\n\t\t\t\t<\/div>\n\t\t\t\t\t<\/div>\n\t\t\t\t<\/div>\n\t\t<div class=\"elementor-element elementor-element-4969c82 e-flex e-con-boxed e-con e-child\" data-id=\"4969c82\" data-element_type=\"container\">\n\t\t\t\t\t<div class=\"e-con-inner\">\n\t\t\t\t<div class=\"elementor-element elementor-element-272c479 elementor-position-left elementor-vertical-align-top elementor-widget elementor-widget-image-box\" data-id=\"272c479\" data-element_type=\"widget\" data-widget_type=\"image-box.default\">\n\t\t\t\t<div class=\"elementor-widget-container\">\n\t\t\t\t\t<div class=\"elementor-image-box-wrapper\"><figure class=\"elementor-image-box-img\"><img loading=\"lazy\" decoding=\"async\" width=\"1000\" height=\"1465\" src=\"https:\/\/draadvogados.com\/wp-content\/uploads\/2024\/05\/Livro-8.jpg\" class=\"attachment-full size-full wp-image-989082\" alt=\"\" srcset=\"https:\/\/draadvogados.com\/wp-content\/uploads\/2024\/05\/Livro-8.jpg 1000w, https:\/\/draadvogados.com\/wp-content\/uploads\/2024\/05\/Livro-8-205x300.jpg 205w, https:\/\/draadvogados.com\/wp-content\/uploads\/2024\/05\/Livro-8-699x1024.jpg 699w, https:\/\/draadvogados.com\/wp-content\/uploads\/2024\/05\/Livro-8-768x1125.jpg 768w\" sizes=\"(max-width: 1000px) 100vw, 1000px\" \/><\/figure><div class=\"elementor-image-box-content\"><h3 class=\"elementor-image-box-title\">Estudos em Homenagem a Trist\u00e3o Fernandes<br>EDITora Lumen Juris<\/h3><p class=\"elementor-image-box-description\"><i>Coautor<\/i><br>Rodrigo Jos\u00e9 dos Santos Amaral<\/p><\/div><\/div>\t\t\t\t<\/div>\n\t\t\t\t<\/div>\n\t\t\t\t\t<\/div>\n\t\t\t\t<\/div>\n\t\t\t\t\t<\/div>\n\t\t\t\t<\/div>\n\t\t<div class=\"elementor-element elementor-element-5f63b97 e-flex e-con-boxed e-con e-parent\" data-id=\"5f63b97\" data-element_type=\"container\">\n\t\t\t\t\t<div class=\"e-con-inner\">\n\t\t<div class=\"elementor-element elementor-element-964bdc1 e-flex e-con-boxed e-con e-child\" data-id=\"964bdc1\" data-element_type=\"container\">\n\t\t\t\t\t<div class=\"e-con-inner\">\n\t\t\t\t<div class=\"elementor-element elementor-element-786d014 elementor-position-left elementor-vertical-align-top elementor-widget elementor-widget-image-box\" data-id=\"786d014\" data-element_type=\"widget\" data-widget_type=\"image-box.default\">\n\t\t\t\t<div class=\"elementor-widget-container\">\n\t\t\t\t\t<div class=\"elementor-image-box-wrapper\"><figure class=\"elementor-image-box-img\"><img loading=\"lazy\" decoding=\"async\" width=\"666\" height=\"921\" src=\"https:\/\/draadvogados.com\/wp-content\/uploads\/2024\/05\/Livro-9.jpg\" class=\"attachment-full size-full wp-image-989083\" alt=\"\" srcset=\"https:\/\/draadvogados.com\/wp-content\/uploads\/2024\/05\/Livro-9.jpg 666w, https:\/\/draadvogados.com\/wp-content\/uploads\/2024\/05\/Livro-9-217x300.jpg 217w\" sizes=\"(max-width: 666px) 100vw, 666px\" \/><\/figure><div class=\"elementor-image-box-content\"><h3 class=\"elementor-image-box-title\">Sistema prisional e direitos humanos<br>EDITORA Escola de Direito da FGV<\/h3><p class=\"elementor-image-box-description\"><i>Coautora<\/i><br>Maria Eduarda M. da Costa Barros Concesi<\/p><\/div><\/div>\t\t\t\t<\/div>\n\t\t\t\t<\/div>\n\t\t\t\t\t<\/div>\n\t\t\t\t<\/div>\n\t\t<div class=\"elementor-element elementor-element-b256050 e-flex e-con-boxed e-con e-child\" data-id=\"b256050\" data-element_type=\"container\">\n\t\t\t\t\t<div class=\"e-con-inner\">\n\t\t\t\t\t<\/div>\n\t\t\t\t<\/div>\n\t\t\t\t\t<\/div>\n\t\t\t\t<\/div>\n\t\t\t\t<\/div>","protected":false},"excerpt":{"rendered":"<p>Livros Elei\u00e7\u00f5es e Democracia na era DigitalEditora Almedina CoautoresDaniel Ribeiro da Silva Aguiar e Maria Eduarda M. da Costa Barros Concesi Criminalidade Econ\u00f4mica e Empresarial: Escritos em Homenagem ao Professor Artur GueirosEDITORA Tirant Lo Blanch CoautorRodrigo Jos\u00e9 dos Santos Amaral Colabora\u00e7\u00e3o Premiada e Outros Acordos: An\u00e1lise sistem\u00e1tica e estudo cr\u00edticoEDITORA Singular CoautoresDaniel Ribeiro da Silva&#8230;<\/p>","protected":false},"author":1,"featured_media":0,"parent":0,"menu_order":0,"comment_status":"closed","ping_status":"closed","template":"elementor_header_footer","meta":{"footnotes":""},"class_list":["post-989069","page","type-page","status-publish","hentry"],"_links":{"self":[{"href":"https:\/\/draadvogados.com\/en\/wp-json\/wp\/v2\/pages\/989069","targetHints":{"allow":["GET"]}}],"collection":[{"href":"https:\/\/draadvogados.com\/en\/wp-json\/wp\/v2\/pages"}],"about":[{"href":"https:\/\/draadvogados.com\/en\/wp-json\/wp\/v2\/types\/page"}],"author":[{"embeddable":true,"href":"https:\/\/draadvogados.com\/en\/wp-json\/wp\/v2\/users\/1"}],"replies":[{"embeddable":true,"href":"https:\/\/draadvogados.com\/en\/wp-json\/wp\/v2\/comments?post=989069"}],"version-history":[{"count":10,"href":"https:\/\/draadvogados.com\/en\/wp-json\/wp\/v2\/pages\/989069\/revisions"}],"predecessor-version":[{"id":989201,"href":"https:\/\/draadvogados.com\/en\/wp-json\/wp\/v2\/pages\/989069\/revisions\/989201"}],"wp:attachment":[{"href":"https:\/\/draadvogados.com\/en\/wp-json\/wp\/v2\/media?parent=989069"}],"curies":[{"name":"wp","href":"https:\/\/api.w.org\/{rel}","templated":true}]}}