{"id":989469,"date":"2025-07-21T15:08:05","date_gmt":"2025-07-21T15:08:05","guid":{"rendered":"https:\/\/draadvogados.com\/?page_id=989469"},"modified":"2025-07-21T16:12:10","modified_gmt":"2025-07-21T16:12:10","slug":"patricia-gamarano","status":"publish","type":"page","link":"https:\/\/draadvogados.com\/en\/patricia-gamarano\/","title":{"rendered":"Patr\u00edcia Gamarano Barbosa"},"content":{"rendered":"<div data-elementor-type=\"wp-page\" data-elementor-id=\"989469\" class=\"elementor elementor-989469\" data-elementor-post-type=\"page\">\n\t\t\t\t\t\t<section class=\"elementor-section elementor-top-section elementor-element elementor-element-98b0de5 elementor-reverse-mobile elementor-section-boxed elementor-section-height-default elementor-section-height-default\" data-id=\"98b0de5\" data-element_type=\"section\">\n\t\t\t\t\t\t<div class=\"elementor-container elementor-column-gap-no\">\n\t\t\t\t\t<div class=\"elementor-column elementor-col-50 elementor-top-column elementor-element elementor-element-91a4ba0\" data-id=\"91a4ba0\" data-element_type=\"column\">\n\t\t\t<div class=\"elementor-widget-wrap elementor-element-populated\">\n\t\t\t\t\t\t<div class=\"elementor-element elementor-element-38a84e6 elementor-widget__width-initial elementor-widget elementor-widget-heading\" data-id=\"38a84e6\" data-element_type=\"widget\" data-widget_type=\"heading.default\">\n\t\t\t\t<div class=\"elementor-widget-container\">\n\t\t\t\t\t<h2 class=\"elementor-heading-title elementor-size-default\">Patr\u00edcia Gamarano Barbosa<\/h2>\t\t\t\t<\/div>\n\t\t\t\t<\/div>\n\t\t\t\t<div class=\"elementor-element elementor-element-f7efceb elementor-widget elementor-widget-text-editor\" data-id=\"f7efceb\" data-element_type=\"widget\" data-widget_type=\"text-editor.default\">\n\t\t\t\t<div class=\"elementor-widget-container\">\n\t\t\t\t\t\t\t\t\t<p>Attorney with over 10 years of experience in Criminal Law.<br \/><br \/>Pursuing a Master\u2019s Degree in Criminal Procedure Law at the Law School of the University of S\u00e3o Paulo (USP). Holds a Law degree from the State University of Rio de Janeiro (UERJ).<br \/><br \/>Specialized in Criminal Law and Criminal Procedure through programs offered by the Brazilian Institute of Criminal Sciences (IBCCRIM), in partnership with the Institute for Economic and European Criminal Law (IDPEE) at the Law School of University of Coimbra.<br \/><br \/>Co-author of the book:<\/p><ul><li>\u201cColabora\u00e7\u00e3o Premiada e Outros Acordos: An\u00e1lise sistem\u00e1tica e estudo cr\u00edtico\u201d \u2013 Singular Publishing (2022).<\/li><\/ul><p><br \/>Member of the Restorative Justice Committee of the Brazilian Bar Association \u2013 S\u00e3o Paulo Section (OAB\/SP) for the 2024\u20132026 term. Also affiliated with the Brazilian Institute of Criminal Sciences (IBCCRIM) and the Institute for the Defense of the Right to a Defense (IDDD).<br \/><br \/>Recognized as one of the most admired female lawyers in the \u201cAn\u00e1lise Advocacia Mulher\u201d ranking in 2021 and 2022, in the category of \u201cSpecialized Criminal Law.\u201d<br \/><br \/>Volunteer attorney with the Justiceiras Project \u2013 A program created during the pandemic to support women facing domestic violence.\u00a0\u00a0<br \/><br \/>Languages: Portuguese, English, and French.<\/p>\t\t\t\t\t\t\t\t<\/div>\n\t\t\t\t<\/div>\n\t\t\t\t<section class=\"elementor-section elementor-inner-section elementor-element elementor-element-4433b5d elementor-section-boxed elementor-section-height-default elementor-section-height-default\" data-id=\"4433b5d\" data-element_type=\"section\">\n\t\t\t\t\t\t<div class=\"elementor-container elementor-column-gap-no\">\n\t\t\t\t\t<div class=\"elementor-column elementor-col-100 elementor-inner-column elementor-element elementor-element-c4cf871\" data-id=\"c4cf871\" data-element_type=\"column\">\n\t\t\t<div class=\"elementor-widget-wrap elementor-element-populated\">\n\t\t\t\t\t\t<div class=\"vamtam-has-theme-widget-styles elementor-element elementor-element-a46ef04 elementor-widget__width-auto vamtam-has-underline-anim elementor-widget elementor-widget-button\" data-id=\"a46ef04\" data-element_type=\"widget\" data-widget_type=\"button.default\">\n\t\t\t\t<div class=\"elementor-widget-container\">\n\t\t\t\t\t\t\t\t\t<div class=\"elementor-button-wrapper\">\n\t\t\t\t\t<a class=\"elementor-button elementor-button-link elementor-size-sm\" href=\"https:\/\/draadvogados.com\/en\/contato\/\">\n\t\t\t\t\t\t<span class=\"elementor-button-content-wrapper\">\n\t\t\t\t\t\t<span class=\"elementor-button-icon\">\n\t\t\t\t<i aria-hidden=\"true\" class=\"vamtamtheme- vamtam-theme-icon-arrow-right-top\"><\/i>\t\t\t<\/span>\n\t\t\t\t\t\t\t\t\t<span class=\"elementor-button-text\">Contact us<\/span>\n\t\t\t\t\t<\/span>\n\t\t\t\t\t<\/a>\n\t\t\t\t<\/div>\n\t\t\t\t\t\t\t\t<\/div>\n\t\t\t\t<\/div>\n\t\t\t\t\t<\/div>\n\t\t<\/div>\n\t\t\t\t\t<\/div>\n\t\t<\/section>\n\t\t\t\t\t<\/div>\n\t\t<\/div>\n\t\t\t\t<div class=\"elementor-column elementor-col-50 elementor-top-column elementor-element elementor-element-40a9a2a\" data-id=\"40a9a2a\" data-element_type=\"column\">\n\t\t\t<div class=\"elementor-widget-wrap elementor-element-populated\">\n\t\t\t\t\t\t<div class=\"vamtam-has-theme-widget-styles elementor-element elementor-element-481fc8d elementor-widget elementor-widget-image\" data-id=\"481fc8d\" data-element_type=\"widget\" data-settings=\"{&quot;sticky&quot;:&quot;top&quot;,&quot;sticky_on&quot;:[&quot;desktop&quot;,&quot;tablet&quot;],&quot;sticky_offset_tablet&quot;:65,&quot;sticky_parent&quot;:&quot;yes&quot;,&quot;sticky_offset&quot;:0,&quot;sticky_effects_offset&quot;:0}\" data-widget_type=\"image.default\">\n\t\t\t\t<div class=\"elementor-widget-container\">\n\t\t\t\t\t\t\t\t\t<div class=\"elementor-image\">\n\t\t\t\t\t\t\t\t\t\t\t\t\t\t\t\t\t\t\t\t\t<img fetchpriority=\"high\" decoding=\"async\" width=\"819\" height=\"1024\" src=\"https:\/\/draadvogados.com\/wp-content\/uploads\/2025\/07\/Foto-pat-819x1024.jpg\" class=\"attachment-large size-large wp-image-989468\" alt=\"\" srcset=\"https:\/\/draadvogados.com\/wp-content\/uploads\/2025\/07\/Foto-pat-819x1024.jpg 819w, https:\/\/draadvogados.com\/wp-content\/uploads\/2025\/07\/Foto-pat-240x300.jpg 240w, https:\/\/draadvogados.com\/wp-content\/uploads\/2025\/07\/Foto-pat-768x960.jpg 768w, https:\/\/draadvogados.com\/wp-content\/uploads\/2025\/07\/Foto-pat-1229x1536.jpg 1229w, https:\/\/draadvogados.com\/wp-content\/uploads\/2025\/07\/Foto-pat-10x12.jpg 10w, https:\/\/draadvogados.com\/wp-content\/uploads\/2025\/07\/Foto-pat.jpg 1280w\" sizes=\"(max-width: 819px) 100vw, 819px\" \/>\t\t\t\t\t\t\t\t\t\t\t\t\t\t\t\t\t\t\t\t\t\t\t\t<\/div>\n\t\t\t\t\t\t\t\t<\/div>\n\t\t\t\t<\/div>\n\t\t\t\t\t<\/div>\n\t\t<\/div>\n\t\t\t\t\t<\/div>\n\t\t<\/section>\n\t\t\t\t<\/div>","protected":false},"excerpt":{"rendered":"<p>Patr\u00edcia Gamarano Barbosa Advogada com mais de 10 anos de experi\u00eancia na \u00e1rea do Direito Penal. Mestranda em Direito Processual Penal, pela Faculdade de Direito da Universidade de S\u00e3o Paulo (USP). Graduada em Direito pela Universidade do Estado do Rio de Janeiro (UERJ). Especializa\u00e7\u00f5es em \u201cDireito Penal\u201d e \u201cProcesso Penal\u201d pelo Instituto Brasileiro de Ci\u00eancias&#8230;<\/p>","protected":false},"author":1,"featured_media":0,"parent":0,"menu_order":0,"comment_status":"closed","ping_status":"closed","template":"","meta":{"footnotes":""},"class_list":["post-989469","page","type-page","status-publish","hentry"],"_links":{"self":[{"href":"https:\/\/draadvogados.com\/en\/wp-json\/wp\/v2\/pages\/989469","targetHints":{"allow":["GET"]}}],"collection":[{"href":"https:\/\/draadvogados.com\/en\/wp-json\/wp\/v2\/pages"}],"about":[{"href":"https:\/\/draadvogados.com\/en\/wp-json\/wp\/v2\/types\/page"}],"author":[{"embeddable":true,"href":"https:\/\/draadvogados.com\/en\/wp-json\/wp\/v2\/users\/1"}],"replies":[{"embeddable":true,"href":"https:\/\/draadvogados.com\/en\/wp-json\/wp\/v2\/comments?post=989469"}],"version-history":[{"count":13,"href":"https:\/\/draadvogados.com\/en\/wp-json\/wp\/v2\/pages\/989469\/revisions"}],"predecessor-version":[{"id":989499,"href":"https:\/\/draadvogados.com\/en\/wp-json\/wp\/v2\/pages\/989469\/revisions\/989499"}],"wp:attachment":[{"href":"https:\/\/draadvogados.com\/en\/wp-json\/wp\/v2\/media?parent=989469"}],"curies":[{"name":"wp","href":"https:\/\/api.w.org\/{rel}","templated":true}]}}